{"id":27978,"date":"2024-03-31T02:09:00","date_gmt":"2024-03-31T02:09:00","guid":{"rendered":"https:\/\/dentprecious.com\/yeni\/?page_id=27978"},"modified":"2024-04-03T18:03:51","modified_gmt":"2024-04-03T18:03:51","slug":"hanife-hale-irmak","status":"publish","type":"page","link":"https:\/\/dentprecious.com\/de_de\/team\/hanife-hale-irmak","title":{"rendered":"Hanife Hale IRMAK"},"content":{"rendered":"<div data-elementor-type=\"wp-page\" data-elementor-id=\"27978\" class=\"elementor elementor-27978\" data-elementor-post-type=\"page\">\n\t\t\t\t\t\t<section class=\"elementor-section elementor-top-section elementor-element elementor-element-4030b8d elementor-section-boxed elementor-section-height-default elementor-section-height-default\" data-id=\"4030b8d\" data-element_type=\"section\" data-e-type=\"section\" data-settings=\"{&quot;background_background&quot;:&quot;classic&quot;}\">\n\t\t\t\t\t\t\t<div class=\"elementor-background-overlay\"><\/div>\n\t\t\t\t\t\t\t<div class=\"elementor-container elementor-column-gap-default\">\n\t\t\t\t\t<div class=\"elementor-column elementor-col-100 elementor-top-column elementor-element elementor-element-0c88a02\" data-id=\"0c88a02\" data-element_type=\"column\" data-e-type=\"column\">\n\t\t\t<div class=\"elementor-widget-wrap elementor-element-populated\">\n\t\t\t\t\t\t<section class=\"elementor-section elementor-inner-section elementor-element elementor-element-eb161f4 elementor-section-boxed elementor-section-height-default elementor-section-height-default elementor-invisible\" data-id=\"eb161f4\" data-element_type=\"section\" data-e-type=\"section\" data-settings=\"{&quot;animation&quot;:&quot;fadeIn&quot;,&quot;animation_delay&quot;:100}\">\n\t\t\t\t\t\t<div class=\"elementor-container elementor-column-gap-default\">\n\t\t\t\t\t<div class=\"elementor-column elementor-col-100 elementor-inner-column elementor-element elementor-element-31b27fa\" data-id=\"31b27fa\" data-element_type=\"column\" data-e-type=\"column\">\n\t\t\t<div class=\"elementor-widget-wrap elementor-element-populated\">\n\t\t\t\t\t\t<div class=\"elementor-element elementor-element-3c867fc elementor-widget-mobile__width-inherit elementor-widget elementor-widget-text-editor\" data-id=\"3c867fc\" data-element_type=\"widget\" data-e-type=\"widget\" data-widget_type=\"text-editor.default\">\n\t\t\t\t<div class=\"elementor-widget-container\">\n\t\t\t\t\t\t\t\t\tHanife Hale IRMAK\t\t\t\t\t\t\t\t<\/div>\n\t\t\t\t<\/div>\n\t\t\t\t\t<\/div>\n\t\t<\/div>\n\t\t\t\t\t<\/div>\n\t\t<\/section>\n\t\t\t\t\t<\/div>\n\t\t<\/div>\n\t\t\t\t\t<\/div>\n\t\t<\/section>\n\t\t\t\t<section class=\"elementor-section elementor-top-section elementor-element elementor-element-9c6d9f6 elementor-section-boxed elementor-section-height-default elementor-section-height-default\" data-id=\"9c6d9f6\" data-element_type=\"section\" data-e-type=\"section\">\n\t\t\t\t\t\t<div class=\"elementor-container elementor-column-gap-default\">\n\t\t\t\t\t<div class=\"elementor-column elementor-col-50 elementor-top-column elementor-element elementor-element-2174010\" data-id=\"2174010\" data-element_type=\"column\" data-e-type=\"column\">\n\t\t\t<div class=\"elementor-widget-wrap elementor-element-populated\">\n\t\t\t\t\t\t<section class=\"elementor-section elementor-inner-section elementor-element elementor-element-08a7733 elementor-section-boxed elementor-section-height-default elementor-section-height-default\" data-id=\"08a7733\" data-element_type=\"section\" data-e-type=\"section\">\n\t\t\t\t\t\t<div class=\"elementor-container elementor-column-gap-no\">\n\t\t\t\t\t<div class=\"elementor-column elementor-col-100 elementor-inner-column elementor-element elementor-element-88c18d4\" data-id=\"88c18d4\" data-element_type=\"column\" data-e-type=\"column\" data-settings=\"{&quot;background_background&quot;:&quot;classic&quot;}\">\n\t\t\t<div class=\"elementor-widget-wrap elementor-element-populated\">\n\t\t\t\t\t\t<div class=\"elementor-element elementor-element-0413fb0 elementor-widget__width-inherit elementor-widget elementor-widget-image\" data-id=\"0413fb0\" data-element_type=\"widget\" data-e-type=\"widget\" data-settings=\"{&quot;_animation&quot;:&quot;none&quot;}\" data-widget_type=\"image.default\">\n\t\t\t\t<div class=\"elementor-widget-container\">\n\t\t\t\t\t\t\t\t\t\t\t\t\t\t\t<img fetchpriority=\"high\" decoding=\"async\" width=\"1024\" height=\"1024\" src=\"https:\/\/dentprecious.com\/wp-content\/uploads\/2024\/04\/1-1024x1024.jpg\" class=\"attachment-large size-large wp-image-28304\" alt=\"\" srcset=\"https:\/\/dentprecious.com\/wp-content\/uploads\/2024\/04\/1-1024x1024.jpg 1024w, https:\/\/dentprecious.com\/wp-content\/uploads\/2024\/04\/1-300x300.jpg 300w, https:\/\/dentprecious.com\/wp-content\/uploads\/2024\/04\/1-150x150.jpg 150w, https:\/\/dentprecious.com\/wp-content\/uploads\/2024\/04\/1-768x768.jpg 768w, https:\/\/dentprecious.com\/wp-content\/uploads\/2024\/04\/1-12x12.jpg 12w, https:\/\/dentprecious.com\/wp-content\/uploads\/2024\/04\/1.jpg 1080w\" sizes=\"(max-width: 1024px) 100vw, 1024px\" \/>\t\t\t\t\t\t\t\t\t\t\t\t\t\t\t<\/div>\n\t\t\t\t<\/div>\n\t\t\t\t<div class=\"elementor-element elementor-element-0c26290 elementor-widget elementor-widget-heading\" data-id=\"0c26290\" data-element_type=\"widget\" data-e-type=\"widget\" data-widget_type=\"heading.default\">\n\t\t\t\t<div class=\"elementor-widget-container\">\n\t\t\t\t\t<h2 class=\"elementor-heading-title elementor-size-default\">Hanife Hale IRMAK<\/h2>\t\t\t\t<\/div>\n\t\t\t\t<\/div>\n\t\t\t\t<div class=\"elementor-element elementor-element-af910b4 elementor-widget elementor-widget-heading\" data-id=\"af910b4\" data-element_type=\"widget\" data-e-type=\"widget\" data-widget_type=\"heading.default\">\n\t\t\t\t<div class=\"elementor-widget-container\">\n\t\t\t\t\t<h3 class=\"elementor-heading-title elementor-size-default\">ZAHNARZT<\/h3>\t\t\t\t<\/div>\n\t\t\t\t<\/div>\n\t\t\t\t\t<\/div>\n\t\t<\/div>\n\t\t\t\t\t<\/div>\n\t\t<\/section>\n\t\t\t\t\t<\/div>\n\t\t<\/div>\n\t\t\t\t<div class=\"elementor-column elementor-col-50 elementor-top-column elementor-element elementor-element-1a50f12\" data-id=\"1a50f12\" data-element_type=\"column\" data-e-type=\"column\">\n\t\t\t<div class=\"elementor-widget-wrap elementor-element-populated\">\n\t\t\t\t\t\t<div class=\"elementor-element elementor-element-3ff4d74 elementor-widget-mobile__width-inherit elementor-widget elementor-widget-text-editor\" data-id=\"3ff4d74\" data-element_type=\"widget\" data-e-type=\"widget\" data-widget_type=\"text-editor.default\">\n\t\t\t\t<div class=\"elementor-widget-container\">\n\t\t\t\t\t\t\t\t\tHanife Hale IRMAK\t\t\t\t\t\t\t\t<\/div>\n\t\t\t\t<\/div>\n\t\t\t\t<div class=\"elementor-element elementor-element-fd120bb elementor-widget elementor-widget-text-editor\" data-id=\"fd120bb\" data-element_type=\"widget\" data-e-type=\"widget\" data-widget_type=\"text-editor.default\">\n\t\t\t\t<div class=\"elementor-widget-container\">\n\t\t\t\t\t\t\t\t\t<p><strong>Professional Information<\/strong><\/p><p>I completed my undergraduate education at Akdeniz University Faculty of Dentistry in<br \/>2020. I was born in 1995 in Antalya. I graduated from Atat\u00fcrk Anatolian High School in<br \/>2013.<br \/>Early days of my career; pediatric dentistry practices , aesthetic dentistry, root canal<br \/>treatments, overdenture prostheses, obturator, zirconium crowns, full ceramic crowns,<br \/>pink aesthetic applications, partial and complete prostheses In my last years; implant<br \/>surgery, include digital smile design, prostheses on implants.<br \/>After graduation, I attended various seminars and congresses to further improve myself.<\/p><p><br \/><strong>Education<\/strong><br \/>\u2022 Akdeniz University Faculty of Dentistry<\/p><p><br \/><strong>Language Skills<\/strong><br \/>\u2022 English<br \/>\u2022 German<\/p>\t\t\t\t\t\t\t\t<\/div>\n\t\t\t\t<\/div>\n\t\t\t\t\t<\/div>\n\t\t<\/div>\n\t\t\t\t\t<\/div>\n\t\t<\/section>\n\t\t\t\t<\/div>","protected":false},"excerpt":{"rendered":"<p>Hanife Hale IRMAK Hanife Hale IRMAK DENT\u0130ST Hanife Hale IRMAK Professional Information I completed my undergraduate education at Akdeniz University Faculty of Dentistry in2020. I was born in 1995 in Antalya. I graduated from Atat\u00fcrk Anatolian High School in2013.Early days of my career; pediatric dentistry practices , aesthetic dentistry, root canaltreatments, overdenture prostheses, obturator, zirconium [&hellip;]<\/p>\n","protected":false},"author":1,"featured_media":0,"parent":27385,"menu_order":0,"comment_status":"closed","ping_status":"closed","template":"page-templates\/template-full-width-page-without-header-title.php","meta":{"_eb_attr":"","footnotes":""},"class_list":["post-27978","page","type-page","status-publish","hentry"],"yoast_head":"<!-- This site is optimized with the Yoast SEO plugin v27.4 - https:\/\/yoast.com\/product\/yoast-seo-wordpress\/ -->\n<title>Hanife Hale IRMAK - Precious Dental TURKEY , Antalya dentist, oral and dental health, implant, teeth whitening, orthodontics and emergency dentistry serves in Antalya Turkey<\/title>\n<meta name=\"robots\" content=\"index, follow, max-snippet:-1, max-image-preview:large, max-video-preview:-1\" \/>\n<link rel=\"canonical\" href=\"https:\/\/dentprecious.com\/de_de\/team\/hanife-hale-irmak\/\" \/>\n<meta property=\"og:locale\" content=\"de_DE\" \/>\n<meta property=\"og:type\" content=\"article\" \/>\n<meta property=\"og:title\" content=\"Hanife Hale IRMAK - Precious Dental TURKEY , Antalya dentist, oral and dental health, implant, teeth whitening, orthodontics and emergency dentistry serves in Antalya Turkey\" \/>\n<meta property=\"og:description\" content=\"Hanife Hale IRMAK Hanife Hale IRMAK DENT\u0130ST Hanife Hale IRMAK Professional Information I completed my undergraduate education at Akdeniz University Faculty of Dentistry in2020. I was born in 1995 in Antalya. I graduated from Atat\u00fcrk Anatolian High School in2013.Early days of my career; pediatric dentistry practices , aesthetic dentistry, root canaltreatments, overdenture prostheses, obturator, zirconium [&hellip;]\" \/>\n<meta property=\"og:url\" content=\"https:\/\/dentprecious.com\/de_de\/team\/hanife-hale-irmak\/\" \/>\n<meta property=\"og:site_name\" content=\"Precious Dental TURKEY , Antalya dentist, oral and dental health, implant, teeth whitening, orthodontics and emergency dentistry serves in Antalya Turkey\" \/>\n<meta property=\"article:publisher\" content=\"https:\/\/www.facebook.com\/preciousdentalturkey\" \/>\n<meta property=\"article:modified_time\" content=\"2024-04-03T18:03:51+00:00\" \/>\n<meta property=\"og:image\" content=\"https:\/\/dentprecious.com\/wp-content\/uploads\/2024\/04\/1-1024x1024.jpg\" \/>\n<meta name=\"twitter:card\" content=\"summary_large_image\" \/>\n<meta name=\"twitter:label1\" content=\"Gesch\u00e4tzte Lesezeit\" \/>\n\t<meta name=\"twitter:data1\" content=\"1\u00a0Minute\" \/>\n<script type=\"application\/ld+json\" class=\"yoast-schema-graph\">{\"@context\":\"https:\\\/\\\/schema.org\",\"@graph\":[{\"@type\":\"WebPage\",\"@id\":\"https:\\\/\\\/dentprecious.com\\\/team\\\/hanife-hale-irmak\",\"url\":\"https:\\\/\\\/dentprecious.com\\\/team\\\/hanife-hale-irmak\",\"name\":\"Hanife Hale IRMAK - Precious Dental TURKEY , Antalya dentist, oral and dental health, implant, teeth whitening, orthodontics and emergency dentistry serves in Antalya Turkey\",\"isPartOf\":{\"@id\":\"\\\/#website\"},\"primaryImageOfPage\":{\"@id\":\"https:\\\/\\\/dentprecious.com\\\/team\\\/hanife-hale-irmak#primaryimage\"},\"image\":{\"@id\":\"https:\\\/\\\/dentprecious.com\\\/team\\\/hanife-hale-irmak#primaryimage\"},\"thumbnailUrl\":\"https:\\\/\\\/dentprecious.com\\\/wp-content\\\/uploads\\\/2024\\\/04\\\/1-1024x1024.jpg\",\"datePublished\":\"2024-03-31T02:09:00+00:00\",\"dateModified\":\"2024-04-03T18:03:51+00:00\",\"breadcrumb\":{\"@id\":\"https:\\\/\\\/dentprecious.com\\\/team\\\/hanife-hale-irmak#breadcrumb\"},\"inLanguage\":\"de\",\"potentialAction\":[{\"@type\":\"ReadAction\",\"target\":[\"https:\\\/\\\/dentprecious.com\\\/team\\\/hanife-hale-irmak\"]}]},{\"@type\":\"ImageObject\",\"inLanguage\":\"de\",\"@id\":\"https:\\\/\\\/dentprecious.com\\\/team\\\/hanife-hale-irmak#primaryimage\",\"url\":\"https:\\\/\\\/dentprecious.com\\\/wp-content\\\/uploads\\\/2024\\\/04\\\/1-1024x1024.jpg\",\"contentUrl\":\"https:\\\/\\\/dentprecious.com\\\/wp-content\\\/uploads\\\/2024\\\/04\\\/1-1024x1024.jpg\"},{\"@type\":\"BreadcrumbList\",\"@id\":\"https:\\\/\\\/dentprecious.com\\\/team\\\/hanife-hale-irmak#breadcrumb\",\"itemListElement\":[{\"@type\":\"ListItem\",\"position\":1,\"name\":\"Anasayfa\",\"item\":\"https:\\\/\\\/dentprecious.com\\\/\"},{\"@type\":\"ListItem\",\"position\":2,\"name\":\"Team\",\"item\":\"https:\\\/\\\/dentprecious.com\\\/team\"},{\"@type\":\"ListItem\",\"position\":3,\"name\":\"Hanife Hale IRMAK\"}]},{\"@type\":\"WebSite\",\"@id\":\"\\\/#website\",\"url\":\"\\\/\",\"name\":\"Precious Dental TURKEY , Antalya dentist, oral and dental health, implant, teeth whitening, orthodontics and emergency dentistry serves in Antalya Turkey\",\"description\":\"Welcome to Precious Dental in Antalya, Turkey! Our experienced team of dentists is dedicated to providing top-quality oral and dental health services, including implants, teeth whitening, orthodontics, and emergency dentistry. Visit us for comprehensive dental care in a comfortable and modern environment.\",\"publisher\":{\"@id\":\"\\\/#organization\"},\"potentialAction\":[{\"@type\":\"SearchAction\",\"target\":{\"@type\":\"EntryPoint\",\"urlTemplate\":\"\\\/?s={search_term_string}\"},\"query-input\":{\"@type\":\"PropertyValueSpecification\",\"valueRequired\":true,\"valueName\":\"search_term_string\"}}],\"inLanguage\":\"de\"},{\"@type\":\"Organization\",\"@id\":\"\\\/#organization\",\"name\":\"Precious Dental TURKEY , Antalya dentist, oral and dental health, implant, teeth whitening, orthodontics and emergency dentistry serves in Antalya Turkey\",\"url\":\"\\\/\",\"logo\":{\"@type\":\"ImageObject\",\"inLanguage\":\"de\",\"@id\":\"\\\/#\\\/schema\\\/logo\\\/image\\\/\",\"url\":\"https:\\\/\\\/dentprecious.com\\\/wp-content\\\/uploads\\\/2024\\\/05\\\/logo2022son.png\",\"contentUrl\":\"https:\\\/\\\/dentprecious.com\\\/wp-content\\\/uploads\\\/2024\\\/05\\\/logo2022son.png\",\"width\":431,\"height\":116,\"caption\":\"Precious Dental TURKEY , Antalya dentist, oral and dental health, implant, teeth whitening, orthodontics and emergency dentistry serves in Antalya Turkey\"},\"image\":{\"@id\":\"\\\/#\\\/schema\\\/logo\\\/image\\\/\"},\"sameAs\":[\"https:\\\/\\\/www.facebook.com\\\/preciousdentalturkey\",\"https:\\\/\\\/www.instagram.com\\\/dentprecious\\\/\"]}]}<\/script>\n<!-- \/ Yoast SEO plugin. -->","yoast_head_json":{"title":"Hanife Hale IRMAK - Precious Dental TURKEY , Antalya dentist, oral and dental health, implant, teeth whitening, orthodontics and emergency dentistry serves in Antalya Turkey","robots":{"index":"index","follow":"follow","max-snippet":"max-snippet:-1","max-image-preview":"max-image-preview:large","max-video-preview":"max-video-preview:-1"},"canonical":"https:\/\/dentprecious.com\/de_de\/team\/hanife-hale-irmak\/","og_locale":"de_DE","og_type":"article","og_title":"Hanife Hale IRMAK - Precious Dental TURKEY , Antalya dentist, oral and dental health, implant, teeth whitening, orthodontics and emergency dentistry serves in Antalya Turkey","og_description":"Hanife Hale IRMAK Hanife Hale IRMAK DENT\u0130ST Hanife Hale IRMAK Professional Information I completed my undergraduate education at Akdeniz University Faculty of Dentistry in2020. I was born in 1995 in Antalya. I graduated from Atat\u00fcrk Anatolian High School in2013.Early days of my career; pediatric dentistry practices , aesthetic dentistry, root canaltreatments, overdenture prostheses, obturator, zirconium [&hellip;]","og_url":"https:\/\/dentprecious.com\/de_de\/team\/hanife-hale-irmak\/","og_site_name":"Precious Dental TURKEY , Antalya dentist, oral and dental health, implant, teeth whitening, orthodontics and emergency dentistry serves in Antalya Turkey","article_publisher":"https:\/\/www.facebook.com\/preciousdentalturkey","article_modified_time":"2024-04-03T18:03:51+00:00","og_image":[{"url":"https:\/\/dentprecious.com\/wp-content\/uploads\/2024\/04\/1-1024x1024.jpg","type":"","width":"","height":""}],"twitter_card":"summary_large_image","twitter_misc":{"Gesch\u00e4tzte Lesezeit":"1\u00a0Minute"},"schema":{"@context":"https:\/\/schema.org","@graph":[{"@type":"WebPage","@id":"https:\/\/dentprecious.com\/team\/hanife-hale-irmak","url":"https:\/\/dentprecious.com\/team\/hanife-hale-irmak","name":"Hanife Hale IRMAK - Precious Dental TURKEY , Antalya dentist, oral and dental health, implant, teeth whitening, orthodontics and emergency dentistry serves in Antalya Turkey","isPartOf":{"@id":"\/#website"},"primaryImageOfPage":{"@id":"https:\/\/dentprecious.com\/team\/hanife-hale-irmak#primaryimage"},"image":{"@id":"https:\/\/dentprecious.com\/team\/hanife-hale-irmak#primaryimage"},"thumbnailUrl":"https:\/\/dentprecious.com\/wp-content\/uploads\/2024\/04\/1-1024x1024.jpg","datePublished":"2024-03-31T02:09:00+00:00","dateModified":"2024-04-03T18:03:51+00:00","breadcrumb":{"@id":"https:\/\/dentprecious.com\/team\/hanife-hale-irmak#breadcrumb"},"inLanguage":"de","potentialAction":[{"@type":"ReadAction","target":["https:\/\/dentprecious.com\/team\/hanife-hale-irmak"]}]},{"@type":"ImageObject","inLanguage":"de","@id":"https:\/\/dentprecious.com\/team\/hanife-hale-irmak#primaryimage","url":"https:\/\/dentprecious.com\/wp-content\/uploads\/2024\/04\/1-1024x1024.jpg","contentUrl":"https:\/\/dentprecious.com\/wp-content\/uploads\/2024\/04\/1-1024x1024.jpg"},{"@type":"BreadcrumbList","@id":"https:\/\/dentprecious.com\/team\/hanife-hale-irmak#breadcrumb","itemListElement":[{"@type":"ListItem","position":1,"name":"Anasayfa","item":"https:\/\/dentprecious.com\/"},{"@type":"ListItem","position":2,"name":"Team","item":"https:\/\/dentprecious.com\/team"},{"@type":"ListItem","position":3,"name":"Hanife Hale IRMAK"}]},{"@type":"WebSite","@id":"\/#website","url":"\/","name":"Precious Dental T\u00dcRKEI , Antalya Zahnarzt, Mund-und Zahnmedizin, Implantat, Bleaching, Kieferorthop\u00e4die und Notfall-Zahnmedizin dient in Antalya T\u00fcrkei","description":"Herzlich willkommen auf Precious Dental in Antalya, T\u00fcrkei! Unser erfahrenes team von Zahn\u00e4rzten, die ist gewidmet Bereitstellung top Qualit\u00e4t oral and dental health services, einschlie\u00dflich Implantate, Bleaching, Kieferorthop\u00e4die, und Notfall-Zahnmedizin. Besuchen Sie uns f\u00fcr die umfassende zahn\u00e4rztliche Betreuung in einer angenehmen und modernen Umgebung.","publisher":{"@id":"\/#organization"},"potentialAction":[{"@type":"SearchAction","target":{"@type":"EntryPoint","urlTemplate":"\/?s={search_term_string}"},"query-input":{"@type":"PropertyValueSpecification","valueRequired":true,"valueName":"search_term_string"}}],"inLanguage":"de"},{"@type":"Organization","@id":"\/#organization","name":"Precious Dental T\u00dcRKEI , Antalya Zahnarzt, Mund-und Zahnmedizin, Implantat, Bleaching, Kieferorthop\u00e4die und Notfall-Zahnmedizin dient in Antalya T\u00fcrkei","url":"\/","logo":{"@type":"ImageObject","inLanguage":"de","@id":"\/#\/schema\/logo\/image\/","url":"https:\/\/dentprecious.com\/wp-content\/uploads\/2024\/05\/logo2022son.png","contentUrl":"https:\/\/dentprecious.com\/wp-content\/uploads\/2024\/05\/logo2022son.png","width":431,"height":116,"caption":"Precious Dental TURKEY , Antalya dentist, oral and dental health, implant, teeth whitening, orthodontics and emergency dentistry serves in Antalya Turkey"},"image":{"@id":"\/#\/schema\/logo\/image\/"},"sameAs":["https:\/\/www.facebook.com\/preciousdentalturkey","https:\/\/www.instagram.com\/dentprecious\/"]}]}},"_links":{"self":[{"href":"https:\/\/dentprecious.com\/de_de\/wp-json\/wp\/v2\/pages\/27978","targetHints":{"allow":["GET"]}}],"collection":[{"href":"https:\/\/dentprecious.com\/de_de\/wp-json\/wp\/v2\/pages"}],"about":[{"href":"https:\/\/dentprecious.com\/de_de\/wp-json\/wp\/v2\/types\/page"}],"author":[{"embeddable":true,"href":"https:\/\/dentprecious.com\/de_de\/wp-json\/wp\/v2\/users\/1"}],"replies":[{"embeddable":true,"href":"https:\/\/dentprecious.com\/de_de\/wp-json\/wp\/v2\/comments?post=27978"}],"version-history":[{"count":8,"href":"https:\/\/dentprecious.com\/de_de\/wp-json\/wp\/v2\/pages\/27978\/revisions"}],"predecessor-version":[{"id":28331,"href":"https:\/\/dentprecious.com\/de_de\/wp-json\/wp\/v2\/pages\/27978\/revisions\/28331"}],"up":[{"embeddable":true,"href":"https:\/\/dentprecious.com\/de_de\/wp-json\/wp\/v2\/pages\/27385"}],"wp:attachment":[{"href":"https:\/\/dentprecious.com\/de_de\/wp-json\/wp\/v2\/media?parent=27978"}],"curies":[{"name":"wp","href":"https:\/\/api.w.org\/{rel}","templated":true}]}}