{"id":27971,"date":"2024-03-31T02:03:11","date_gmt":"2024-03-31T02:03:11","guid":{"rendered":"https:\/\/dentprecious.com\/yeni\/?page_id=27971"},"modified":"2024-03-31T02:07:10","modified_gmt":"2024-03-31T02:07:10","slug":"dincer-kader","status":"publish","type":"page","link":"https:\/\/dentprecious.com\/es\/team\/dincer-kader","title":{"rendered":"Din\u00e7er KADER"},"content":{"rendered":"<div data-elementor-type=\"wp-page\" data-elementor-id=\"27971\" class=\"elementor elementor-27971\" data-elementor-post-type=\"page\">\n\t\t\t\t\t\t<section class=\"elementor-section elementor-top-section elementor-element elementor-element-4030b8d elementor-section-boxed elementor-section-height-default elementor-section-height-default\" data-id=\"4030b8d\" data-element_type=\"section\" data-e-type=\"section\" data-settings=\"{&quot;background_background&quot;:&quot;classic&quot;}\">\n\t\t\t\t\t\t\t<div class=\"elementor-background-overlay\"><\/div>\n\t\t\t\t\t\t\t<div class=\"elementor-container elementor-column-gap-default\">\n\t\t\t\t\t<div class=\"elementor-column elementor-col-100 elementor-top-column elementor-element elementor-element-0c88a02\" data-id=\"0c88a02\" data-element_type=\"column\" data-e-type=\"column\">\n\t\t\t<div class=\"elementor-widget-wrap elementor-element-populated\">\n\t\t\t\t\t\t<section class=\"elementor-section elementor-inner-section elementor-element elementor-element-eb161f4 elementor-section-boxed elementor-section-height-default elementor-section-height-default elementor-invisible\" data-id=\"eb161f4\" data-element_type=\"section\" data-e-type=\"section\" data-settings=\"{&quot;animation&quot;:&quot;fadeIn&quot;,&quot;animation_delay&quot;:100}\">\n\t\t\t\t\t\t<div class=\"elementor-container elementor-column-gap-default\">\n\t\t\t\t\t<div class=\"elementor-column elementor-col-100 elementor-inner-column elementor-element elementor-element-31b27fa\" data-id=\"31b27fa\" data-element_type=\"column\" data-e-type=\"column\">\n\t\t\t<div class=\"elementor-widget-wrap elementor-element-populated\">\n\t\t\t\t\t\t<div class=\"elementor-element elementor-element-3c867fc elementor-widget-mobile__width-inherit elementor-widget elementor-widget-text-editor\" data-id=\"3c867fc\" data-element_type=\"widget\" data-e-type=\"widget\" data-widget_type=\"text-editor.default\">\n\t\t\t\t<div class=\"elementor-widget-container\">\n\t\t\t\t\t\t\t\t\tDin\u00e7er KADER\t\t\t\t\t\t\t\t<\/div>\n\t\t\t\t<\/div>\n\t\t\t\t\t<\/div>\n\t\t<\/div>\n\t\t\t\t\t<\/div>\n\t\t<\/section>\n\t\t\t\t\t<\/div>\n\t\t<\/div>\n\t\t\t\t\t<\/div>\n\t\t<\/section>\n\t\t\t\t<section class=\"elementor-section elementor-top-section elementor-element elementor-element-9c6d9f6 elementor-section-boxed elementor-section-height-default elementor-section-height-default\" data-id=\"9c6d9f6\" data-element_type=\"section\" data-e-type=\"section\">\n\t\t\t\t\t\t<div class=\"elementor-container elementor-column-gap-default\">\n\t\t\t\t\t<div class=\"elementor-column elementor-col-50 elementor-top-column elementor-element elementor-element-2174010\" data-id=\"2174010\" data-element_type=\"column\" data-e-type=\"column\">\n\t\t\t<div class=\"elementor-widget-wrap elementor-element-populated\">\n\t\t\t\t\t\t<section class=\"elementor-section elementor-inner-section elementor-element elementor-element-08a7733 elementor-section-boxed elementor-section-height-default elementor-section-height-default\" data-id=\"08a7733\" data-element_type=\"section\" data-e-type=\"section\">\n\t\t\t\t\t\t<div class=\"elementor-container elementor-column-gap-no\">\n\t\t\t\t\t<div class=\"elementor-column elementor-col-100 elementor-inner-column elementor-element elementor-element-88c18d4\" data-id=\"88c18d4\" data-element_type=\"column\" data-e-type=\"column\" data-settings=\"{&quot;background_background&quot;:&quot;classic&quot;}\">\n\t\t\t<div class=\"elementor-widget-wrap elementor-element-populated\">\n\t\t\t\t\t\t<div class=\"elementor-element elementor-element-0413fb0 elementor-widget__width-inherit elementor-widget elementor-widget-image\" data-id=\"0413fb0\" data-element_type=\"widget\" data-e-type=\"widget\" data-settings=\"{&quot;_animation&quot;:&quot;none&quot;}\" data-widget_type=\"image.default\">\n\t\t\t\t<div class=\"elementor-widget-container\">\n\t\t\t\t\t\t\t\t\t\t\t\t\t\t\t<img fetchpriority=\"high\" decoding=\"async\" width=\"1024\" height=\"1024\" src=\"https:\/\/dentprecious.com\/wp-content\/uploads\/2024\/03\/1-1-1024x1024.jpg\" class=\"attachment-large size-large wp-image-27955\" alt=\"\" srcset=\"https:\/\/dentprecious.com\/wp-content\/uploads\/2024\/03\/1-1-1024x1024.jpg 1024w, https:\/\/dentprecious.com\/wp-content\/uploads\/2024\/03\/1-1-300x300.jpg 300w, https:\/\/dentprecious.com\/wp-content\/uploads\/2024\/03\/1-1-150x150.jpg 150w, https:\/\/dentprecious.com\/wp-content\/uploads\/2024\/03\/1-1-768x768.jpg 768w, https:\/\/dentprecious.com\/wp-content\/uploads\/2024\/03\/1-1.jpg 1080w\" sizes=\"(max-width: 1024px) 100vw, 1024px\" \/>\t\t\t\t\t\t\t\t\t\t\t\t\t\t\t<\/div>\n\t\t\t\t<\/div>\n\t\t\t\t<div class=\"elementor-element elementor-element-0c26290 elementor-widget elementor-widget-heading\" data-id=\"0c26290\" data-element_type=\"widget\" data-e-type=\"widget\" data-widget_type=\"heading.default\">\n\t\t\t\t<div class=\"elementor-widget-container\">\n\t\t\t\t\t<h2 class=\"elementor-heading-title elementor-size-default\">Din\u00e7er KADER<\/h2>\t\t\t\t<\/div>\n\t\t\t\t<\/div>\n\t\t\t\t<div class=\"elementor-element elementor-element-af910b4 elementor-widget elementor-widget-heading\" data-id=\"af910b4\" data-element_type=\"widget\" data-e-type=\"widget\" data-widget_type=\"heading.default\">\n\t\t\t\t<div class=\"elementor-widget-container\">\n\t\t\t\t\t<h3 class=\"elementor-heading-title elementor-size-default\">CIRUJANO ORAL Y MAXILOFACIAL<\/h3>\t\t\t\t<\/div>\n\t\t\t\t<\/div>\n\t\t\t\t\t<\/div>\n\t\t<\/div>\n\t\t\t\t\t<\/div>\n\t\t<\/section>\n\t\t\t\t\t<\/div>\n\t\t<\/div>\n\t\t\t\t<div class=\"elementor-column elementor-col-50 elementor-top-column elementor-element elementor-element-1a50f12\" data-id=\"1a50f12\" data-element_type=\"column\" data-e-type=\"column\">\n\t\t\t<div class=\"elementor-widget-wrap elementor-element-populated\">\n\t\t\t\t\t\t<div class=\"elementor-element elementor-element-3ff4d74 elementor-widget-mobile__width-inherit elementor-widget elementor-widget-text-editor\" data-id=\"3ff4d74\" data-element_type=\"widget\" data-e-type=\"widget\" data-widget_type=\"text-editor.default\">\n\t\t\t\t<div class=\"elementor-widget-container\">\n\t\t\t\t\t\t\t\t\tDin\u00e7er KADER\t\t\t\t\t\t\t\t<\/div>\n\t\t\t\t<\/div>\n\t\t\t\t<div class=\"elementor-element elementor-element-fd120bb elementor-widget elementor-widget-text-editor\" data-id=\"fd120bb\" data-element_type=\"widget\" data-e-type=\"widget\" data-widget_type=\"text-editor.default\">\n\t\t\t\t<div class=\"elementor-widget-container\">\n\t\t\t\t\t\t\t\t\t<p><strong>Professional Information<\/strong><\/p><p>He was born in 1986 in Bulgaria \/ Kardzhali. He completed his primary, secondary and high school education in Istanbul. He graduated from Plovdiv Medical University Faculty of Dentistry in 2012.<\/p><p>He worked in his own practice in Istanbul between 2013-2014.<\/p><p>Between 2014 and 2019, he worked as a research assistant at Akdeniz University Faculty of Dentistry, Department of Oral and Maxillofacial Surgery.<\/p><p>In 2019, he presented his thesis \u201cInvestigation of the effect of decompression treatment applied on the cystic lesions of the jaw on the histopathological character of the lesion\u201d and successfully passed his exam and received the title of Oral, Dental and Maxillofacial\u00a0Surgeon.<\/p><p>In 2019, he presented his thesis \u201cInvestigation of the effect of decompression treatment applied on the cystic lesions of the jaw on the histopathological character of the lesion\u201d and successfully passed his exam and received the title of Oral, Dental and Maxillofacial\u00a0Surgeon.<\/p><p>Health Polyclinic, of which he is a partner. Participating in many national and international congresses, Uzm. Dt. Din\u00e7er KADER is a member of Turkish Oral Implantology Association, International Team of Implantology Association, Always Implantology Association, Turkish Oral and Maxillofacial Surgery Association.<\/p><p>They joined their lives with Hatice Kader in 2011 and has two children.<\/p><p>Override the digital divide with additional clickthroughs from DevOps. Nanotechnology immersion along the information highway will close the loop on focusing solely on the\u00a0bottom\u00a0line.<\/p><p><strong>Working Experiences<\/strong><\/p><p>Professional areas of interest:<\/p><p>\u2013 Implant surgeries<\/p><p>\u2013 Instant implant treatments<\/p><p>\u2013 Bone and soft tissue augmentation operations<\/p><p>\u2013 Sinus Raising<\/p><p>\u2013 Soft tissue aesthetics around the implant<\/p><p>\u2013 Embedded dental operations<\/p><p>\u2013 Cyst and Tumor operations<\/p><p>\u2013 Pre-prosthetic surgery procedures<\/p><p>\u2013 Botox applications<\/p><p>\u2013 Jaw trauma surgery<\/p><p>\u2013 Peri-implantitis (gingival diseases around the implant) treatment<\/p><p>\u2013 Preventive\u00a0treatments<\/p>\t\t\t\t\t\t\t\t<\/div>\n\t\t\t\t<\/div>\n\t\t\t\t\t<\/div>\n\t\t<\/div>\n\t\t\t\t\t<\/div>\n\t\t<\/section>\n\t\t\t\t<\/div>","protected":false},"excerpt":{"rendered":"<p>Din\u00e7er KADER Din\u00e7er KADER ORAL AND MAX\u0130LLOFAC\u0130AL SURGEON Din\u00e7er KADER Professional Information He was born in 1986 in Bulgaria \/ Kardzhali. He completed his primary, secondary and high school education in Istanbul. He graduated from Plovdiv Medical University Faculty of Dentistry in 2012. He worked in his own practice in Istanbul between 2013-2014. Between 2014 [&hellip;]<\/p>\n","protected":false},"author":1,"featured_media":0,"parent":27385,"menu_order":0,"comment_status":"closed","ping_status":"closed","template":"page-templates\/template-full-width-page-without-header-title.php","meta":{"_eb_attr":"","footnotes":""},"class_list":["post-27971","page","type-page","status-publish","hentry"],"yoast_head":"<!-- This site is optimized with the Yoast SEO plugin v27.3 - https:\/\/yoast.com\/product\/yoast-seo-wordpress\/ -->\n<title>Din\u00e7er KADER - Precious Dental TURKEY , Antalya dentist, oral and dental health, implant, teeth whitening, orthodontics and emergency dentistry serves in Antalya Turkey<\/title>\n<meta name=\"robots\" content=\"index, follow, max-snippet:-1, max-image-preview:large, max-video-preview:-1\" \/>\n<link rel=\"canonical\" href=\"https:\/\/dentprecious.com\/es\/team\/dincer-kader\/\" \/>\n<meta property=\"og:locale\" content=\"es_ES\" \/>\n<meta property=\"og:type\" content=\"article\" \/>\n<meta property=\"og:title\" content=\"Din\u00e7er KADER - Precious Dental TURKEY , Antalya dentist, oral and dental health, implant, teeth whitening, orthodontics and emergency dentistry serves in Antalya Turkey\" \/>\n<meta property=\"og:description\" content=\"Din\u00e7er KADER Din\u00e7er KADER ORAL AND MAX\u0130LLOFAC\u0130AL SURGEON Din\u00e7er KADER Professional Information He was born in 1986 in Bulgaria \/ Kardzhali. He completed his primary, secondary and high school education in Istanbul. He graduated from Plovdiv Medical University Faculty of Dentistry in 2012. He worked in his own practice in Istanbul between 2013-2014. Between 2014 [&hellip;]\" \/>\n<meta property=\"og:url\" content=\"https:\/\/dentprecious.com\/es\/team\/dincer-kader\/\" \/>\n<meta property=\"og:site_name\" content=\"Precious Dental TURKEY , Antalya dentist, oral and dental health, implant, teeth whitening, orthodontics and emergency dentistry serves in Antalya Turkey\" \/>\n<meta property=\"article:publisher\" content=\"https:\/\/www.facebook.com\/preciousdentalturkey\" \/>\n<meta property=\"article:modified_time\" content=\"2024-03-31T02:07:10+00:00\" \/>\n<meta property=\"og:image\" content=\"https:\/\/dentprecious.com\/wp-content\/uploads\/2024\/03\/1-1-1024x1024.jpg\" \/>\n<meta name=\"twitter:card\" content=\"summary_large_image\" \/>\n<script type=\"application\/ld+json\" class=\"yoast-schema-graph\">{\"@context\":\"https:\\\/\\\/schema.org\",\"@graph\":[{\"@type\":\"WebPage\",\"@id\":\"https:\\\/\\\/dentprecious.com\\\/team\\\/dincer-kader\",\"url\":\"https:\\\/\\\/dentprecious.com\\\/team\\\/dincer-kader\",\"name\":\"Din\u00e7er KADER - Precious Dental TURKEY , Antalya dentist, oral and dental health, implant, teeth whitening, orthodontics and emergency dentistry serves in Antalya Turkey\",\"isPartOf\":{\"@id\":\"\\\/#website\"},\"primaryImageOfPage\":{\"@id\":\"https:\\\/\\\/dentprecious.com\\\/team\\\/dincer-kader#primaryimage\"},\"image\":{\"@id\":\"https:\\\/\\\/dentprecious.com\\\/team\\\/dincer-kader#primaryimage\"},\"thumbnailUrl\":\"https:\\\/\\\/dentprecious.com\\\/wp-content\\\/uploads\\\/2024\\\/03\\\/1-1-1024x1024.jpg\",\"datePublished\":\"2024-03-31T02:03:11+00:00\",\"dateModified\":\"2024-03-31T02:07:10+00:00\",\"breadcrumb\":{\"@id\":\"https:\\\/\\\/dentprecious.com\\\/team\\\/dincer-kader#breadcrumb\"},\"inLanguage\":\"es\",\"potentialAction\":[{\"@type\":\"ReadAction\",\"target\":[\"https:\\\/\\\/dentprecious.com\\\/team\\\/dincer-kader\"]}]},{\"@type\":\"ImageObject\",\"inLanguage\":\"es\",\"@id\":\"https:\\\/\\\/dentprecious.com\\\/team\\\/dincer-kader#primaryimage\",\"url\":\"https:\\\/\\\/dentprecious.com\\\/wp-content\\\/uploads\\\/2024\\\/03\\\/1-1-1024x1024.jpg\",\"contentUrl\":\"https:\\\/\\\/dentprecious.com\\\/wp-content\\\/uploads\\\/2024\\\/03\\\/1-1-1024x1024.jpg\"},{\"@type\":\"BreadcrumbList\",\"@id\":\"https:\\\/\\\/dentprecious.com\\\/team\\\/dincer-kader#breadcrumb\",\"itemListElement\":[{\"@type\":\"ListItem\",\"position\":1,\"name\":\"Anasayfa\",\"item\":\"https:\\\/\\\/dentprecious.com\\\/\"},{\"@type\":\"ListItem\",\"position\":2,\"name\":\"Team\",\"item\":\"https:\\\/\\\/dentprecious.com\\\/team\"},{\"@type\":\"ListItem\",\"position\":3,\"name\":\"Din\u00e7er KADER\"}]},{\"@type\":\"WebSite\",\"@id\":\"\\\/#website\",\"url\":\"\\\/\",\"name\":\"Precious Dental TURKEY , Antalya dentist, oral and dental health, implant, teeth whitening, orthodontics and emergency dentistry serves in Antalya Turkey\",\"description\":\"Welcome to Precious Dental in Antalya, Turkey! Our experienced team of dentists is dedicated to providing top-quality oral and dental health services, including implants, teeth whitening, orthodontics, and emergency dentistry. Visit us for comprehensive dental care in a comfortable and modern environment.\",\"publisher\":{\"@id\":\"\\\/#organization\"},\"potentialAction\":[{\"@type\":\"SearchAction\",\"target\":{\"@type\":\"EntryPoint\",\"urlTemplate\":\"\\\/?s={search_term_string}\"},\"query-input\":{\"@type\":\"PropertyValueSpecification\",\"valueRequired\":true,\"valueName\":\"search_term_string\"}}],\"inLanguage\":\"es\"},{\"@type\":\"Organization\",\"@id\":\"\\\/#organization\",\"name\":\"Precious Dental TURKEY , Antalya dentist, oral and dental health, implant, teeth whitening, orthodontics and emergency dentistry serves in Antalya Turkey\",\"url\":\"\\\/\",\"logo\":{\"@type\":\"ImageObject\",\"inLanguage\":\"es\",\"@id\":\"\\\/#\\\/schema\\\/logo\\\/image\\\/\",\"url\":\"https:\\\/\\\/dentprecious.com\\\/wp-content\\\/uploads\\\/2024\\\/05\\\/logo2022son.png\",\"contentUrl\":\"https:\\\/\\\/dentprecious.com\\\/wp-content\\\/uploads\\\/2024\\\/05\\\/logo2022son.png\",\"width\":431,\"height\":116,\"caption\":\"Precious Dental TURKEY , Antalya dentist, oral and dental health, implant, teeth whitening, orthodontics and emergency dentistry serves in Antalya Turkey\"},\"image\":{\"@id\":\"\\\/#\\\/schema\\\/logo\\\/image\\\/\"},\"sameAs\":[\"https:\\\/\\\/www.facebook.com\\\/preciousdentalturkey\",\"https:\\\/\\\/www.instagram.com\\\/dentprecious\\\/\"]}]}<\/script>\n<!-- \/ Yoast SEO plugin. -->","yoast_head_json":{"title":"Din\u00e7er KADER - Precious Dental TURKEY , Antalya dentist, oral and dental health, implant, teeth whitening, orthodontics and emergency dentistry serves in Antalya Turkey","robots":{"index":"index","follow":"follow","max-snippet":"max-snippet:-1","max-image-preview":"max-image-preview:large","max-video-preview":"max-video-preview:-1"},"canonical":"https:\/\/dentprecious.com\/es\/team\/dincer-kader\/","og_locale":"es_ES","og_type":"article","og_title":"Din\u00e7er KADER - Precious Dental TURKEY , Antalya dentist, oral and dental health, implant, teeth whitening, orthodontics and emergency dentistry serves in Antalya Turkey","og_description":"Din\u00e7er KADER Din\u00e7er KADER ORAL AND MAX\u0130LLOFAC\u0130AL SURGEON Din\u00e7er KADER Professional Information He was born in 1986 in Bulgaria \/ Kardzhali. He completed his primary, secondary and high school education in Istanbul. He graduated from Plovdiv Medical University Faculty of Dentistry in 2012. He worked in his own practice in Istanbul between 2013-2014. Between 2014 [&hellip;]","og_url":"https:\/\/dentprecious.com\/es\/team\/dincer-kader\/","og_site_name":"Precious Dental TURKEY , Antalya dentist, oral and dental health, implant, teeth whitening, orthodontics and emergency dentistry serves in Antalya Turkey","article_publisher":"https:\/\/www.facebook.com\/preciousdentalturkey","article_modified_time":"2024-03-31T02:07:10+00:00","og_image":[{"url":"https:\/\/dentprecious.com\/wp-content\/uploads\/2024\/03\/1-1-1024x1024.jpg","type":"","width":"","height":""}],"twitter_card":"summary_large_image","schema":{"@context":"https:\/\/schema.org","@graph":[{"@type":"WebPage","@id":"https:\/\/dentprecious.com\/team\/dincer-kader","url":"https:\/\/dentprecious.com\/team\/dincer-kader","name":"Din\u00e7er KADER - Precious Dental TURKEY , Antalya dentist, oral and dental health, implant, teeth whitening, orthodontics and emergency dentistry serves in Antalya Turkey","isPartOf":{"@id":"\/#website"},"primaryImageOfPage":{"@id":"https:\/\/dentprecious.com\/team\/dincer-kader#primaryimage"},"image":{"@id":"https:\/\/dentprecious.com\/team\/dincer-kader#primaryimage"},"thumbnailUrl":"https:\/\/dentprecious.com\/wp-content\/uploads\/2024\/03\/1-1-1024x1024.jpg","datePublished":"2024-03-31T02:03:11+00:00","dateModified":"2024-03-31T02:07:10+00:00","breadcrumb":{"@id":"https:\/\/dentprecious.com\/team\/dincer-kader#breadcrumb"},"inLanguage":"es","potentialAction":[{"@type":"ReadAction","target":["https:\/\/dentprecious.com\/team\/dincer-kader"]}]},{"@type":"ImageObject","inLanguage":"es","@id":"https:\/\/dentprecious.com\/team\/dincer-kader#primaryimage","url":"https:\/\/dentprecious.com\/wp-content\/uploads\/2024\/03\/1-1-1024x1024.jpg","contentUrl":"https:\/\/dentprecious.com\/wp-content\/uploads\/2024\/03\/1-1-1024x1024.jpg"},{"@type":"BreadcrumbList","@id":"https:\/\/dentprecious.com\/team\/dincer-kader#breadcrumb","itemListElement":[{"@type":"ListItem","position":1,"name":"Anasayfa","item":"https:\/\/dentprecious.com\/"},{"@type":"ListItem","position":2,"name":"Team","item":"https:\/\/dentprecious.com\/team"},{"@type":"ListItem","position":3,"name":"Din\u00e7er KADER"}]},{"@type":"WebSite","@id":"\/#website","url":"\/","name":"Precioso Dental TURQU\u00cdA , Antalya, dentista, salud oral y dental, implantes, blanqueamiento dental, ortodoncia y odontolog\u00eda de urgencia sirve en Antalya, Turqu\u00eda","description":"Bienvenidos a la Preciosa Dental en Antalya, Turqu\u00eda! Nuestro experimentado equipo de dentistas se dedica a proporcionar alta calidad orales y dentales servicios de salud, incluyendo implantes, blanqueamiento dental, ortodoncia y odontolog\u00eda de urgencia. Vis\u00edtenos para la atenci\u00f3n odontol\u00f3gica integral en un moderno y confortable entorno.","publisher":{"@id":"\/#organization"},"potentialAction":[{"@type":"SearchAction","target":{"@type":"EntryPoint","urlTemplate":"\/?s={search_term_string}"},"query-input":{"@type":"PropertyValueSpecification","valueRequired":true,"valueName":"search_term_string"}}],"inLanguage":"es"},{"@type":"Organization","@id":"\/#organization","name":"Precioso Dental TURQU\u00cdA , Antalya, dentista, salud oral y dental, implantes, blanqueamiento dental, ortodoncia y odontolog\u00eda de urgencia sirve en Antalya, Turqu\u00eda","url":"\/","logo":{"@type":"ImageObject","inLanguage":"es","@id":"\/#\/schema\/logo\/image\/","url":"https:\/\/dentprecious.com\/wp-content\/uploads\/2024\/05\/logo2022son.png","contentUrl":"https:\/\/dentprecious.com\/wp-content\/uploads\/2024\/05\/logo2022son.png","width":431,"height":116,"caption":"Precious Dental TURKEY , Antalya dentist, oral and dental health, implant, teeth whitening, orthodontics and emergency dentistry serves in Antalya Turkey"},"image":{"@id":"\/#\/schema\/logo\/image\/"},"sameAs":["https:\/\/www.facebook.com\/preciousdentalturkey","https:\/\/www.instagram.com\/dentprecious\/"]}]}},"_links":{"self":[{"href":"https:\/\/dentprecious.com\/es\/wp-json\/wp\/v2\/pages\/27971","targetHints":{"allow":["GET"]}}],"collection":[{"href":"https:\/\/dentprecious.com\/es\/wp-json\/wp\/v2\/pages"}],"about":[{"href":"https:\/\/dentprecious.com\/es\/wp-json\/wp\/v2\/types\/page"}],"author":[{"embeddable":true,"href":"https:\/\/dentprecious.com\/es\/wp-json\/wp\/v2\/users\/1"}],"replies":[{"embeddable":true,"href":"https:\/\/dentprecious.com\/es\/wp-json\/wp\/v2\/comments?post=27971"}],"version-history":[{"count":4,"href":"https:\/\/dentprecious.com\/es\/wp-json\/wp\/v2\/pages\/27971\/revisions"}],"predecessor-version":[{"id":27975,"href":"https:\/\/dentprecious.com\/es\/wp-json\/wp\/v2\/pages\/27971\/revisions\/27975"}],"up":[{"embeddable":true,"href":"https:\/\/dentprecious.com\/es\/wp-json\/wp\/v2\/pages\/27385"}],"wp:attachment":[{"href":"https:\/\/dentprecious.com\/es\/wp-json\/wp\/v2\/media?parent=27971"}],"curies":[{"name":"wp","href":"https:\/\/api.w.org\/{rel}","templated":true}]}}