{"id":28346,"date":"2024-04-03T18:08:25","date_gmt":"2024-04-03T18:08:25","guid":{"rendered":"https:\/\/dentprecious.com\/yeni\/?page_id=28346"},"modified":"2024-04-03T18:09:27","modified_gmt":"2024-04-03T18:09:27","slug":"seyda-yilmaz","status":"publish","type":"page","link":"https:\/\/dentprecious.com\/es\/team\/seyda-yilmaz","title":{"rendered":"\u015eeyda YILMAZ"},"content":{"rendered":"<div data-elementor-type=\"wp-page\" data-elementor-id=\"28346\" class=\"elementor elementor-28346\" data-elementor-post-type=\"page\">\n\t\t\t\t\t\t<section class=\"elementor-section elementor-top-section elementor-element elementor-element-4030b8d elementor-section-boxed elementor-section-height-default elementor-section-height-default\" data-id=\"4030b8d\" data-element_type=\"section\" data-e-type=\"section\" data-settings=\"{&quot;background_background&quot;:&quot;classic&quot;}\">\n\t\t\t\t\t\t\t<div class=\"elementor-background-overlay\"><\/div>\n\t\t\t\t\t\t\t<div class=\"elementor-container elementor-column-gap-default\">\n\t\t\t\t\t<div class=\"elementor-column elementor-col-100 elementor-top-column elementor-element elementor-element-0c88a02\" data-id=\"0c88a02\" data-element_type=\"column\" data-e-type=\"column\">\n\t\t\t<div class=\"elementor-widget-wrap elementor-element-populated\">\n\t\t\t\t\t\t<section class=\"elementor-section elementor-inner-section elementor-element elementor-element-eb161f4 elementor-section-boxed elementor-section-height-default elementor-section-height-default elementor-invisible\" data-id=\"eb161f4\" data-element_type=\"section\" data-e-type=\"section\" data-settings=\"{&quot;animation&quot;:&quot;fadeIn&quot;,&quot;animation_delay&quot;:100}\">\n\t\t\t\t\t\t<div class=\"elementor-container elementor-column-gap-default\">\n\t\t\t\t\t<div class=\"elementor-column elementor-col-100 elementor-inner-column elementor-element elementor-element-31b27fa\" data-id=\"31b27fa\" data-element_type=\"column\" data-e-type=\"column\">\n\t\t\t<div class=\"elementor-widget-wrap elementor-element-populated\">\n\t\t\t\t\t\t<div class=\"elementor-element elementor-element-3c867fc elementor-widget-mobile__width-inherit elementor-widget elementor-widget-text-editor\" data-id=\"3c867fc\" data-element_type=\"widget\" data-e-type=\"widget\" data-widget_type=\"text-editor.default\">\n\t\t\t\t<div class=\"elementor-widget-container\">\n\t\t\t\t\t\t\t\t\t\u015eeyda YILMAZ\t\t\t\t\t\t\t\t<\/div>\n\t\t\t\t<\/div>\n\t\t\t\t\t<\/div>\n\t\t<\/div>\n\t\t\t\t\t<\/div>\n\t\t<\/section>\n\t\t\t\t\t<\/div>\n\t\t<\/div>\n\t\t\t\t\t<\/div>\n\t\t<\/section>\n\t\t\t\t<section class=\"elementor-section elementor-top-section elementor-element elementor-element-9c6d9f6 elementor-section-boxed elementor-section-height-default elementor-section-height-default\" data-id=\"9c6d9f6\" data-element_type=\"section\" data-e-type=\"section\">\n\t\t\t\t\t\t<div class=\"elementor-container elementor-column-gap-default\">\n\t\t\t\t\t<div class=\"elementor-column elementor-col-50 elementor-top-column elementor-element elementor-element-2174010\" data-id=\"2174010\" data-element_type=\"column\" data-e-type=\"column\">\n\t\t\t<div class=\"elementor-widget-wrap elementor-element-populated\">\n\t\t\t\t\t\t<section class=\"elementor-section elementor-inner-section elementor-element elementor-element-08a7733 elementor-section-boxed elementor-section-height-default elementor-section-height-default\" data-id=\"08a7733\" data-element_type=\"section\" data-e-type=\"section\">\n\t\t\t\t\t\t<div class=\"elementor-container elementor-column-gap-no\">\n\t\t\t\t\t<div class=\"elementor-column elementor-col-100 elementor-inner-column elementor-element elementor-element-88c18d4\" data-id=\"88c18d4\" data-element_type=\"column\" data-e-type=\"column\" data-settings=\"{&quot;background_background&quot;:&quot;classic&quot;}\">\n\t\t\t<div class=\"elementor-widget-wrap elementor-element-populated\">\n\t\t\t\t\t\t<div class=\"elementor-element elementor-element-0413fb0 elementor-widget__width-inherit elementor-widget elementor-widget-image\" data-id=\"0413fb0\" data-element_type=\"widget\" data-e-type=\"widget\" data-settings=\"{&quot;_animation&quot;:&quot;none&quot;}\" data-widget_type=\"image.default\">\n\t\t\t\t<div class=\"elementor-widget-container\">\n\t\t\t\t\t\t\t\t\t\t\t\t\t\t\t<img fetchpriority=\"high\" decoding=\"async\" width=\"1024\" height=\"1024\" src=\"https:\/\/dentprecious.com\/wp-content\/uploads\/2024\/04\/3-1024x1024.jpg\" class=\"attachment-large size-large wp-image-28306\" alt=\"\" srcset=\"https:\/\/dentprecious.com\/wp-content\/uploads\/2024\/04\/3-1024x1024.jpg 1024w, https:\/\/dentprecious.com\/wp-content\/uploads\/2024\/04\/3-300x300.jpg 300w, https:\/\/dentprecious.com\/wp-content\/uploads\/2024\/04\/3-150x150.jpg 150w, https:\/\/dentprecious.com\/wp-content\/uploads\/2024\/04\/3-768x768.jpg 768w, https:\/\/dentprecious.com\/wp-content\/uploads\/2024\/04\/3-12x12.jpg 12w, https:\/\/dentprecious.com\/wp-content\/uploads\/2024\/04\/3.jpg 1080w\" sizes=\"(max-width: 1024px) 100vw, 1024px\" \/>\t\t\t\t\t\t\t\t\t\t\t\t\t\t\t<\/div>\n\t\t\t\t<\/div>\n\t\t\t\t<div class=\"elementor-element elementor-element-0c26290 elementor-widget elementor-widget-heading\" data-id=\"0c26290\" data-element_type=\"widget\" data-e-type=\"widget\" data-widget_type=\"heading.default\">\n\t\t\t\t<div class=\"elementor-widget-container\">\n\t\t\t\t\t<h2 class=\"elementor-heading-title elementor-size-default\">\u015eeyda YILMAZ<\/h2>\t\t\t\t<\/div>\n\t\t\t\t<\/div>\n\t\t\t\t<div class=\"elementor-element elementor-element-af910b4 elementor-widget elementor-widget-heading\" data-id=\"af910b4\" data-element_type=\"widget\" data-e-type=\"widget\" data-widget_type=\"heading.default\">\n\t\t\t\t<div class=\"elementor-widget-container\">\n\t\t\t\t\t<h3 class=\"elementor-heading-title elementor-size-default\">DENTISTA<\/h3>\t\t\t\t<\/div>\n\t\t\t\t<\/div>\n\t\t\t\t\t<\/div>\n\t\t<\/div>\n\t\t\t\t\t<\/div>\n\t\t<\/section>\n\t\t\t\t\t<\/div>\n\t\t<\/div>\n\t\t\t\t<div class=\"elementor-column elementor-col-50 elementor-top-column elementor-element elementor-element-1a50f12\" data-id=\"1a50f12\" data-element_type=\"column\" data-e-type=\"column\">\n\t\t\t<div class=\"elementor-widget-wrap elementor-element-populated\">\n\t\t\t\t\t\t<div class=\"elementor-element elementor-element-3ff4d74 elementor-widget-mobile__width-inherit elementor-widget elementor-widget-text-editor\" data-id=\"3ff4d74\" data-element_type=\"widget\" data-e-type=\"widget\" data-widget_type=\"text-editor.default\">\n\t\t\t\t<div class=\"elementor-widget-container\">\n\t\t\t\t\t\t\t\t\t\u015eeyda YILMAZ\t\t\t\t\t\t\t\t<\/div>\n\t\t\t\t<\/div>\n\t\t\t\t<div class=\"elementor-element elementor-element-fd120bb elementor-widget elementor-widget-text-editor\" data-id=\"fd120bb\" data-element_type=\"widget\" data-e-type=\"widget\" data-widget_type=\"text-editor.default\">\n\t\t\t\t<div class=\"elementor-widget-container\">\n\t\t\t\t\t\t\t\t\t<p><strong>Professional Information<\/strong><\/p><p><strong>Education<\/strong><br \/>Necmettin Erbakan University Faculty of Dentistry<br \/>She was born in Sivas in 1997. In 2015, she graduated from Polatl\u0131 Anatolian Teacher High School. Then she completed her undergraduate education at Necmettin Erbakan University Faculty of Dentistry. She worked in different dental clinics for a while. She is currently working at Precious Oral and Dental Health Centre. She works especially in the fields of aesthetic dentistry and also performs digital smile design, prosthesis, implant prosthesis, full ceramic and zirconium veneers, implant fixed and removable prostheses, overdenture prostheses, anterior aesthetic filling applications, tooth whitening, root canal treatment, tooth extraction, tartar cleaning. She continues to participate in existing workshops in order to improve herself.<\/p><p><strong>Certification and advanced training:<\/strong><br \/>Assoc. Dr Zeynep Bilge K\u00fct\u00fck | Anterior Aesthetic Composite Restorations<br \/>Uzm. Dt. Alaz \u015eim\u015fek | Root Canal Treatment with New Generation Rotary File Systems<br \/>Dr Dt. Fatih \u015eentut | All-On-four Surgery and Prosthesis Applications, Complications and Solutions in 24 Hours<br \/>Assoc. Dr. Fariz Salimov | Botulinum Toxin Applications and Dermal Filling<\/p>\t\t\t\t\t\t\t\t<\/div>\n\t\t\t\t<\/div>\n\t\t\t\t\t<\/div>\n\t\t<\/div>\n\t\t\t\t\t<\/div>\n\t\t<\/section>\n\t\t\t\t<\/div>","protected":false},"excerpt":{"rendered":"<p>\u015eeyda YILMAZ \u015eeyda YILMAZ DENT\u0130ST \u015eeyda YILMAZ Professional Information EducationNecmettin Erbakan University Faculty of DentistryShe was born in Sivas in 1997. In 2015, she graduated from Polatl\u0131 Anatolian Teacher High School. Then she completed her undergraduate education at Necmettin Erbakan University Faculty of Dentistry. She worked in different dental clinics for a while. She is [&hellip;]<\/p>\n","protected":false},"author":1,"featured_media":0,"parent":27385,"menu_order":0,"comment_status":"closed","ping_status":"closed","template":"page-templates\/template-full-width-page-without-header-title.php","meta":{"_eb_attr":"","footnotes":""},"class_list":["post-28346","page","type-page","status-publish","hentry"],"yoast_head":"<!-- This site is optimized with the Yoast SEO plugin v27.3 - https:\/\/yoast.com\/product\/yoast-seo-wordpress\/ -->\n<title>\u015eeyda YILMAZ - Precious Dental TURKEY , Antalya dentist, oral and dental health, implant, teeth whitening, orthodontics and emergency dentistry serves in Antalya Turkey<\/title>\n<meta name=\"robots\" content=\"index, follow, max-snippet:-1, max-image-preview:large, max-video-preview:-1\" \/>\n<link rel=\"canonical\" href=\"https:\/\/dentprecious.com\/es\/team\/seyda-yilmaz\/\" \/>\n<meta property=\"og:locale\" content=\"es_ES\" \/>\n<meta property=\"og:type\" content=\"article\" \/>\n<meta property=\"og:title\" content=\"\u015eeyda YILMAZ - Precious Dental TURKEY , Antalya dentist, oral and dental health, implant, teeth whitening, orthodontics and emergency dentistry serves in Antalya Turkey\" \/>\n<meta property=\"og:description\" content=\"\u015eeyda YILMAZ \u015eeyda YILMAZ DENT\u0130ST \u015eeyda YILMAZ Professional Information EducationNecmettin Erbakan University Faculty of DentistryShe was born in Sivas in 1997. In 2015, she graduated from Polatl\u0131 Anatolian Teacher High School. Then she completed her undergraduate education at Necmettin Erbakan University Faculty of Dentistry. She worked in different dental clinics for a while. She is [&hellip;]\" \/>\n<meta property=\"og:url\" content=\"https:\/\/dentprecious.com\/es\/team\/seyda-yilmaz\/\" \/>\n<meta property=\"og:site_name\" content=\"Precious Dental TURKEY , Antalya dentist, oral and dental health, implant, teeth whitening, orthodontics and emergency dentistry serves in Antalya Turkey\" \/>\n<meta property=\"article:publisher\" content=\"https:\/\/www.facebook.com\/preciousdentalturkey\" \/>\n<meta property=\"article:modified_time\" content=\"2024-04-03T18:09:27+00:00\" \/>\n<meta property=\"og:image\" content=\"https:\/\/dentprecious.com\/wp-content\/uploads\/2024\/04\/3-1024x1024.jpg\" \/>\n<meta name=\"twitter:card\" content=\"summary_large_image\" \/>\n<meta name=\"twitter:label1\" content=\"Tiempo de lectura\" \/>\n\t<meta name=\"twitter:data1\" content=\"2 minutos\" \/>\n<script type=\"application\/ld+json\" class=\"yoast-schema-graph\">{\"@context\":\"https:\\\/\\\/schema.org\",\"@graph\":[{\"@type\":\"WebPage\",\"@id\":\"https:\\\/\\\/dentprecious.com\\\/team\\\/seyda-yilmaz\",\"url\":\"https:\\\/\\\/dentprecious.com\\\/team\\\/seyda-yilmaz\",\"name\":\"\u015eeyda YILMAZ - Precious Dental TURKEY , Antalya dentist, oral and dental health, implant, teeth whitening, orthodontics and emergency dentistry serves in Antalya Turkey\",\"isPartOf\":{\"@id\":\"\\\/#website\"},\"primaryImageOfPage\":{\"@id\":\"https:\\\/\\\/dentprecious.com\\\/team\\\/seyda-yilmaz#primaryimage\"},\"image\":{\"@id\":\"https:\\\/\\\/dentprecious.com\\\/team\\\/seyda-yilmaz#primaryimage\"},\"thumbnailUrl\":\"https:\\\/\\\/dentprecious.com\\\/wp-content\\\/uploads\\\/2024\\\/04\\\/3-1024x1024.jpg\",\"datePublished\":\"2024-04-03T18:08:25+00:00\",\"dateModified\":\"2024-04-03T18:09:27+00:00\",\"breadcrumb\":{\"@id\":\"https:\\\/\\\/dentprecious.com\\\/team\\\/seyda-yilmaz#breadcrumb\"},\"inLanguage\":\"es\",\"potentialAction\":[{\"@type\":\"ReadAction\",\"target\":[\"https:\\\/\\\/dentprecious.com\\\/team\\\/seyda-yilmaz\"]}]},{\"@type\":\"ImageObject\",\"inLanguage\":\"es\",\"@id\":\"https:\\\/\\\/dentprecious.com\\\/team\\\/seyda-yilmaz#primaryimage\",\"url\":\"https:\\\/\\\/dentprecious.com\\\/wp-content\\\/uploads\\\/2024\\\/04\\\/3-1024x1024.jpg\",\"contentUrl\":\"https:\\\/\\\/dentprecious.com\\\/wp-content\\\/uploads\\\/2024\\\/04\\\/3-1024x1024.jpg\"},{\"@type\":\"BreadcrumbList\",\"@id\":\"https:\\\/\\\/dentprecious.com\\\/team\\\/seyda-yilmaz#breadcrumb\",\"itemListElement\":[{\"@type\":\"ListItem\",\"position\":1,\"name\":\"Anasayfa\",\"item\":\"https:\\\/\\\/dentprecious.com\\\/\"},{\"@type\":\"ListItem\",\"position\":2,\"name\":\"Team\",\"item\":\"https:\\\/\\\/dentprecious.com\\\/team\"},{\"@type\":\"ListItem\",\"position\":3,\"name\":\"\u015eeyda YILMAZ\"}]},{\"@type\":\"WebSite\",\"@id\":\"\\\/#website\",\"url\":\"\\\/\",\"name\":\"Precious Dental TURKEY , Antalya dentist, oral and dental health, implant, teeth whitening, orthodontics and emergency dentistry serves in Antalya Turkey\",\"description\":\"Welcome to Precious Dental in Antalya, Turkey! Our experienced team of dentists is dedicated to providing top-quality oral and dental health services, including implants, teeth whitening, orthodontics, and emergency dentistry. Visit us for comprehensive dental care in a comfortable and modern environment.\",\"publisher\":{\"@id\":\"\\\/#organization\"},\"potentialAction\":[{\"@type\":\"SearchAction\",\"target\":{\"@type\":\"EntryPoint\",\"urlTemplate\":\"\\\/?s={search_term_string}\"},\"query-input\":{\"@type\":\"PropertyValueSpecification\",\"valueRequired\":true,\"valueName\":\"search_term_string\"}}],\"inLanguage\":\"es\"},{\"@type\":\"Organization\",\"@id\":\"\\\/#organization\",\"name\":\"Precious Dental TURKEY , Antalya dentist, oral and dental health, implant, teeth whitening, orthodontics and emergency dentistry serves in Antalya Turkey\",\"url\":\"\\\/\",\"logo\":{\"@type\":\"ImageObject\",\"inLanguage\":\"es\",\"@id\":\"\\\/#\\\/schema\\\/logo\\\/image\\\/\",\"url\":\"https:\\\/\\\/dentprecious.com\\\/wp-content\\\/uploads\\\/2024\\\/05\\\/logo2022son.png\",\"contentUrl\":\"https:\\\/\\\/dentprecious.com\\\/wp-content\\\/uploads\\\/2024\\\/05\\\/logo2022son.png\",\"width\":431,\"height\":116,\"caption\":\"Precious Dental TURKEY , Antalya dentist, oral and dental health, implant, teeth whitening, orthodontics and emergency dentistry serves in Antalya Turkey\"},\"image\":{\"@id\":\"\\\/#\\\/schema\\\/logo\\\/image\\\/\"},\"sameAs\":[\"https:\\\/\\\/www.facebook.com\\\/preciousdentalturkey\",\"https:\\\/\\\/www.instagram.com\\\/dentprecious\\\/\"]}]}<\/script>\n<!-- \/ Yoast SEO plugin. -->","yoast_head_json":{"title":"\u015eeyda YILMAZ - Precious Dental TURKEY , Antalya dentist, oral and dental health, implant, teeth whitening, orthodontics and emergency dentistry serves in Antalya Turkey","robots":{"index":"index","follow":"follow","max-snippet":"max-snippet:-1","max-image-preview":"max-image-preview:large","max-video-preview":"max-video-preview:-1"},"canonical":"https:\/\/dentprecious.com\/es\/team\/seyda-yilmaz\/","og_locale":"es_ES","og_type":"article","og_title":"\u015eeyda YILMAZ - Precious Dental TURKEY , Antalya dentist, oral and dental health, implant, teeth whitening, orthodontics and emergency dentistry serves in Antalya Turkey","og_description":"\u015eeyda YILMAZ \u015eeyda YILMAZ DENT\u0130ST \u015eeyda YILMAZ Professional Information EducationNecmettin Erbakan University Faculty of DentistryShe was born in Sivas in 1997. In 2015, she graduated from Polatl\u0131 Anatolian Teacher High School. Then she completed her undergraduate education at Necmettin Erbakan University Faculty of Dentistry. She worked in different dental clinics for a while. She is [&hellip;]","og_url":"https:\/\/dentprecious.com\/es\/team\/seyda-yilmaz\/","og_site_name":"Precious Dental TURKEY , Antalya dentist, oral and dental health, implant, teeth whitening, orthodontics and emergency dentistry serves in Antalya Turkey","article_publisher":"https:\/\/www.facebook.com\/preciousdentalturkey","article_modified_time":"2024-04-03T18:09:27+00:00","og_image":[{"url":"https:\/\/dentprecious.com\/wp-content\/uploads\/2024\/04\/3-1024x1024.jpg","type":"","width":"","height":""}],"twitter_card":"summary_large_image","twitter_misc":{"Tiempo de lectura":"2 minutos"},"schema":{"@context":"https:\/\/schema.org","@graph":[{"@type":"WebPage","@id":"https:\/\/dentprecious.com\/team\/seyda-yilmaz","url":"https:\/\/dentprecious.com\/team\/seyda-yilmaz","name":"\u015eeyda YILMAZ - Precious Dental TURKEY , Antalya dentist, oral and dental health, implant, teeth whitening, orthodontics and emergency dentistry serves in Antalya Turkey","isPartOf":{"@id":"\/#website"},"primaryImageOfPage":{"@id":"https:\/\/dentprecious.com\/team\/seyda-yilmaz#primaryimage"},"image":{"@id":"https:\/\/dentprecious.com\/team\/seyda-yilmaz#primaryimage"},"thumbnailUrl":"https:\/\/dentprecious.com\/wp-content\/uploads\/2024\/04\/3-1024x1024.jpg","datePublished":"2024-04-03T18:08:25+00:00","dateModified":"2024-04-03T18:09:27+00:00","breadcrumb":{"@id":"https:\/\/dentprecious.com\/team\/seyda-yilmaz#breadcrumb"},"inLanguage":"es","potentialAction":[{"@type":"ReadAction","target":["https:\/\/dentprecious.com\/team\/seyda-yilmaz"]}]},{"@type":"ImageObject","inLanguage":"es","@id":"https:\/\/dentprecious.com\/team\/seyda-yilmaz#primaryimage","url":"https:\/\/dentprecious.com\/wp-content\/uploads\/2024\/04\/3-1024x1024.jpg","contentUrl":"https:\/\/dentprecious.com\/wp-content\/uploads\/2024\/04\/3-1024x1024.jpg"},{"@type":"BreadcrumbList","@id":"https:\/\/dentprecious.com\/team\/seyda-yilmaz#breadcrumb","itemListElement":[{"@type":"ListItem","position":1,"name":"Anasayfa","item":"https:\/\/dentprecious.com\/"},{"@type":"ListItem","position":2,"name":"Team","item":"https:\/\/dentprecious.com\/team"},{"@type":"ListItem","position":3,"name":"\u015eeyda YILMAZ"}]},{"@type":"WebSite","@id":"\/#website","url":"\/","name":"Precioso Dental TURQU\u00cdA , Antalya, dentista, salud oral y dental, implantes, blanqueamiento dental, ortodoncia y odontolog\u00eda de urgencia sirve en Antalya, Turqu\u00eda","description":"Bienvenidos a la Preciosa Dental en Antalya, Turqu\u00eda! Nuestro experimentado equipo de dentistas se dedica a proporcionar alta calidad orales y dentales servicios de salud, incluyendo implantes, blanqueamiento dental, ortodoncia y odontolog\u00eda de urgencia. Vis\u00edtenos para la atenci\u00f3n odontol\u00f3gica integral en un moderno y confortable entorno.","publisher":{"@id":"\/#organization"},"potentialAction":[{"@type":"SearchAction","target":{"@type":"EntryPoint","urlTemplate":"\/?s={search_term_string}"},"query-input":{"@type":"PropertyValueSpecification","valueRequired":true,"valueName":"search_term_string"}}],"inLanguage":"es"},{"@type":"Organization","@id":"\/#organization","name":"Precioso Dental TURQU\u00cdA , Antalya, dentista, salud oral y dental, implantes, blanqueamiento dental, ortodoncia y odontolog\u00eda de urgencia sirve en Antalya, Turqu\u00eda","url":"\/","logo":{"@type":"ImageObject","inLanguage":"es","@id":"\/#\/schema\/logo\/image\/","url":"https:\/\/dentprecious.com\/wp-content\/uploads\/2024\/05\/logo2022son.png","contentUrl":"https:\/\/dentprecious.com\/wp-content\/uploads\/2024\/05\/logo2022son.png","width":431,"height":116,"caption":"Precious Dental TURKEY , Antalya dentist, oral and dental health, implant, teeth whitening, orthodontics and emergency dentistry serves in Antalya Turkey"},"image":{"@id":"\/#\/schema\/logo\/image\/"},"sameAs":["https:\/\/www.facebook.com\/preciousdentalturkey","https:\/\/www.instagram.com\/dentprecious\/"]}]}},"_links":{"self":[{"href":"https:\/\/dentprecious.com\/es\/wp-json\/wp\/v2\/pages\/28346","targetHints":{"allow":["GET"]}}],"collection":[{"href":"https:\/\/dentprecious.com\/es\/wp-json\/wp\/v2\/pages"}],"about":[{"href":"https:\/\/dentprecious.com\/es\/wp-json\/wp\/v2\/types\/page"}],"author":[{"embeddable":true,"href":"https:\/\/dentprecious.com\/es\/wp-json\/wp\/v2\/users\/1"}],"replies":[{"embeddable":true,"href":"https:\/\/dentprecious.com\/es\/wp-json\/wp\/v2\/comments?post=28346"}],"version-history":[{"count":4,"href":"https:\/\/dentprecious.com\/es\/wp-json\/wp\/v2\/pages\/28346\/revisions"}],"predecessor-version":[{"id":28350,"href":"https:\/\/dentprecious.com\/es\/wp-json\/wp\/v2\/pages\/28346\/revisions\/28350"}],"up":[{"embeddable":true,"href":"https:\/\/dentprecious.com\/es\/wp-json\/wp\/v2\/pages\/27385"}],"wp:attachment":[{"href":"https:\/\/dentprecious.com\/es\/wp-json\/wp\/v2\/media?parent=28346"}],"curies":[{"name":"wp","href":"https:\/\/api.w.org\/{rel}","templated":true}]}}