{"id":29151,"date":"2025-03-25T12:24:17","date_gmt":"2025-03-25T12:24:17","guid":{"rendered":"https:\/\/dentprecious.com\/?page_id=29151"},"modified":"2025-03-25T12:24:18","modified_gmt":"2025-03-25T12:24:18","slug":"we-are-waiting-you","status":"publish","type":"page","link":"https:\/\/dentprecious.com\/es\/we-are-waiting-you","title":{"rendered":"we-are-waiting-you"},"content":{"rendered":"","protected":false},"excerpt":{"rendered":"","protected":false},"author":1,"featured_media":0,"parent":0,"menu_order":0,"comment_status":"closed","ping_status":"closed","template":"","meta":{"_eb_attr":"","footnotes":""},"class_list":["post-29151","page","type-page","status-publish","hentry"],"yoast_head":"<!-- This site is optimized with the Yoast SEO plugin v27.4 - https:\/\/yoast.com\/product\/yoast-seo-wordpress\/ -->\n<title>we-are-waiting-you - Precious Dental TURKEY , Antalya dentist, oral and dental health, implant, teeth whitening, orthodontics and emergency dentistry serves in Antalya Turkey<\/title>\n<meta name=\"robots\" content=\"index, follow, max-snippet:-1, max-image-preview:large, max-video-preview:-1\" \/>\n<link rel=\"canonical\" href=\"https:\/\/dentprecious.com\/es\/we-are-waiting-you\/\" \/>\n<meta property=\"og:locale\" content=\"es_ES\" \/>\n<meta property=\"og:type\" content=\"article\" \/>\n<meta property=\"og:title\" content=\"we-are-waiting-you - Precious Dental TURKEY , Antalya dentist, oral and dental health, implant, teeth whitening, orthodontics and emergency dentistry serves in Antalya Turkey\" \/>\n<meta property=\"og:url\" content=\"https:\/\/dentprecious.com\/es\/we-are-waiting-you\/\" \/>\n<meta property=\"og:site_name\" content=\"Precious Dental TURKEY , Antalya dentist, oral and dental health, implant, teeth whitening, orthodontics and emergency dentistry serves in Antalya Turkey\" \/>\n<meta property=\"article:publisher\" content=\"https:\/\/www.facebook.com\/preciousdentalturkey\" \/>\n<meta property=\"article:modified_time\" content=\"2025-03-25T12:24:18+00:00\" \/>\n<meta name=\"twitter:card\" content=\"summary_large_image\" \/>\n<script type=\"application\/ld+json\" class=\"yoast-schema-graph\">{\"@context\":\"https:\\\/\\\/schema.org\",\"@graph\":[{\"@type\":\"WebPage\",\"@id\":\"https:\\\/\\\/dentprecious.com\\\/we-are-waiting-you\",\"url\":\"https:\\\/\\\/dentprecious.com\\\/we-are-waiting-you\",\"name\":\"we-are-waiting-you - Precious Dental TURKEY , Antalya dentist, oral and dental health, implant, teeth whitening, orthodontics and emergency dentistry serves in Antalya Turkey\",\"isPartOf\":{\"@id\":\"\\\/#website\"},\"datePublished\":\"2025-03-25T12:24:17+00:00\",\"dateModified\":\"2025-03-25T12:24:18+00:00\",\"breadcrumb\":{\"@id\":\"https:\\\/\\\/dentprecious.com\\\/we-are-waiting-you#breadcrumb\"},\"inLanguage\":\"es\",\"potentialAction\":[{\"@type\":\"ReadAction\",\"target\":[\"https:\\\/\\\/dentprecious.com\\\/we-are-waiting-you\"]}]},{\"@type\":\"BreadcrumbList\",\"@id\":\"https:\\\/\\\/dentprecious.com\\\/we-are-waiting-you#breadcrumb\",\"itemListElement\":[{\"@type\":\"ListItem\",\"position\":1,\"name\":\"Anasayfa\",\"item\":\"https:\\\/\\\/dentprecious.com\\\/\"},{\"@type\":\"ListItem\",\"position\":2,\"name\":\"we-are-waiting-you\"}]},{\"@type\":\"WebSite\",\"@id\":\"\\\/#website\",\"url\":\"\\\/\",\"name\":\"Precious Dental TURKEY , Antalya dentist, oral and dental health, implant, teeth whitening, orthodontics and emergency dentistry serves in Antalya Turkey\",\"description\":\"Welcome to Precious Dental in Antalya, Turkey! Our experienced team of dentists is dedicated to providing top-quality oral and dental health services, including implants, teeth whitening, orthodontics, and emergency dentistry. Visit us for comprehensive dental care in a comfortable and modern environment.\",\"publisher\":{\"@id\":\"\\\/#organization\"},\"potentialAction\":[{\"@type\":\"SearchAction\",\"target\":{\"@type\":\"EntryPoint\",\"urlTemplate\":\"\\\/?s={search_term_string}\"},\"query-input\":{\"@type\":\"PropertyValueSpecification\",\"valueRequired\":true,\"valueName\":\"search_term_string\"}}],\"inLanguage\":\"es\"},{\"@type\":\"Organization\",\"@id\":\"\\\/#organization\",\"name\":\"Precious Dental TURKEY , Antalya dentist, oral and dental health, implant, teeth whitening, orthodontics and emergency dentistry serves in Antalya Turkey\",\"url\":\"\\\/\",\"logo\":{\"@type\":\"ImageObject\",\"inLanguage\":\"es\",\"@id\":\"\\\/#\\\/schema\\\/logo\\\/image\\\/\",\"url\":\"https:\\\/\\\/dentprecious.com\\\/wp-content\\\/uploads\\\/2024\\\/05\\\/logo2022son.png\",\"contentUrl\":\"https:\\\/\\\/dentprecious.com\\\/wp-content\\\/uploads\\\/2024\\\/05\\\/logo2022son.png\",\"width\":431,\"height\":116,\"caption\":\"Precious Dental TURKEY , Antalya dentist, oral and dental health, implant, teeth whitening, orthodontics and emergency dentistry serves in Antalya Turkey\"},\"image\":{\"@id\":\"\\\/#\\\/schema\\\/logo\\\/image\\\/\"},\"sameAs\":[\"https:\\\/\\\/www.facebook.com\\\/preciousdentalturkey\",\"https:\\\/\\\/www.instagram.com\\\/dentprecious\\\/\"]}]}<\/script>\n<!-- \/ Yoast SEO plugin. -->","yoast_head_json":{"title":"we-are-waiting-you - Precious Dental TURKEY , Antalya dentist, oral and dental health, implant, teeth whitening, orthodontics and emergency dentistry serves in Antalya Turkey","robots":{"index":"index","follow":"follow","max-snippet":"max-snippet:-1","max-image-preview":"max-image-preview:large","max-video-preview":"max-video-preview:-1"},"canonical":"https:\/\/dentprecious.com\/es\/we-are-waiting-you\/","og_locale":"es_ES","og_type":"article","og_title":"we-are-waiting-you - Precious Dental TURKEY , Antalya dentist, oral and dental health, implant, teeth whitening, orthodontics and emergency dentistry serves in Antalya Turkey","og_url":"https:\/\/dentprecious.com\/es\/we-are-waiting-you\/","og_site_name":"Precious Dental TURKEY , Antalya dentist, oral and dental health, implant, teeth whitening, orthodontics and emergency dentistry serves in Antalya Turkey","article_publisher":"https:\/\/www.facebook.com\/preciousdentalturkey","article_modified_time":"2025-03-25T12:24:18+00:00","twitter_card":"summary_large_image","schema":{"@context":"https:\/\/schema.org","@graph":[{"@type":"WebPage","@id":"https:\/\/dentprecious.com\/we-are-waiting-you","url":"https:\/\/dentprecious.com\/we-are-waiting-you","name":"we-are-waiting-you - Precious Dental TURKEY , Antalya dentist, oral and dental health, implant, teeth whitening, orthodontics and emergency dentistry serves in Antalya Turkey","isPartOf":{"@id":"\/#website"},"datePublished":"2025-03-25T12:24:17+00:00","dateModified":"2025-03-25T12:24:18+00:00","breadcrumb":{"@id":"https:\/\/dentprecious.com\/we-are-waiting-you#breadcrumb"},"inLanguage":"es","potentialAction":[{"@type":"ReadAction","target":["https:\/\/dentprecious.com\/we-are-waiting-you"]}]},{"@type":"BreadcrumbList","@id":"https:\/\/dentprecious.com\/we-are-waiting-you#breadcrumb","itemListElement":[{"@type":"ListItem","position":1,"name":"Anasayfa","item":"https:\/\/dentprecious.com\/"},{"@type":"ListItem","position":2,"name":"we-are-waiting-you"}]},{"@type":"WebSite","@id":"\/#website","url":"\/","name":"Precioso Dental TURQU\u00cdA , Antalya, dentista, salud oral y dental, implantes, blanqueamiento dental, ortodoncia y odontolog\u00eda de urgencia sirve en Antalya, Turqu\u00eda","description":"Bienvenidos a la Preciosa Dental en Antalya, Turqu\u00eda! Nuestro experimentado equipo de dentistas se dedica a proporcionar alta calidad orales y dentales servicios de salud, incluyendo implantes, blanqueamiento dental, ortodoncia y odontolog\u00eda de urgencia. Vis\u00edtenos para la atenci\u00f3n odontol\u00f3gica integral en un moderno y confortable entorno.","publisher":{"@id":"\/#organization"},"potentialAction":[{"@type":"SearchAction","target":{"@type":"EntryPoint","urlTemplate":"\/?s={search_term_string}"},"query-input":{"@type":"PropertyValueSpecification","valueRequired":true,"valueName":"search_term_string"}}],"inLanguage":"es"},{"@type":"Organization","@id":"\/#organization","name":"Precioso Dental TURQU\u00cdA , Antalya, dentista, salud oral y dental, implantes, blanqueamiento dental, ortodoncia y odontolog\u00eda de urgencia sirve en Antalya, Turqu\u00eda","url":"\/","logo":{"@type":"ImageObject","inLanguage":"es","@id":"\/#\/schema\/logo\/image\/","url":"https:\/\/dentprecious.com\/wp-content\/uploads\/2024\/05\/logo2022son.png","contentUrl":"https:\/\/dentprecious.com\/wp-content\/uploads\/2024\/05\/logo2022son.png","width":431,"height":116,"caption":"Precious Dental TURKEY , Antalya dentist, oral and dental health, implant, teeth whitening, orthodontics and emergency dentistry serves in Antalya Turkey"},"image":{"@id":"\/#\/schema\/logo\/image\/"},"sameAs":["https:\/\/www.facebook.com\/preciousdentalturkey","https:\/\/www.instagram.com\/dentprecious\/"]}]}},"_links":{"self":[{"href":"https:\/\/dentprecious.com\/es\/wp-json\/wp\/v2\/pages\/29151","targetHints":{"allow":["GET"]}}],"collection":[{"href":"https:\/\/dentprecious.com\/es\/wp-json\/wp\/v2\/pages"}],"about":[{"href":"https:\/\/dentprecious.com\/es\/wp-json\/wp\/v2\/types\/page"}],"author":[{"embeddable":true,"href":"https:\/\/dentprecious.com\/es\/wp-json\/wp\/v2\/users\/1"}],"replies":[{"embeddable":true,"href":"https:\/\/dentprecious.com\/es\/wp-json\/wp\/v2\/comments?post=29151"}],"version-history":[{"count":1,"href":"https:\/\/dentprecious.com\/es\/wp-json\/wp\/v2\/pages\/29151\/revisions"}],"predecessor-version":[{"id":29152,"href":"https:\/\/dentprecious.com\/es\/wp-json\/wp\/v2\/pages\/29151\/revisions\/29152"}],"wp:attachment":[{"href":"https:\/\/dentprecious.com\/es\/wp-json\/wp\/v2\/media?parent=29151"}],"curies":[{"name":"wp","href":"https:\/\/api.w.org\/{rel}","templated":true}]}}