{"id":27805,"date":"2024-03-30T23:34:08","date_gmt":"2024-03-30T23:34:08","guid":{"rendered":"https:\/\/dentprecious.com\/yeni\/?page_id=27805"},"modified":"2024-03-31T01:44:26","modified_gmt":"2024-03-31T01:44:26","slug":"blog","status":"publish","type":"page","link":"https:\/\/dentprecious.com\/fr\/blog","title":{"rendered":"Blog"},"content":{"rendered":"<div data-elementor-type=\"wp-page\" data-elementor-id=\"27805\" class=\"elementor elementor-27805\" data-elementor-post-type=\"page\">\n\t\t\t\t\t\t<section class=\"elementor-section elementor-top-section elementor-element elementor-element-6dddd0e elementor-section-boxed elementor-section-height-default elementor-section-height-default\" data-id=\"6dddd0e\" data-element_type=\"section\" data-e-type=\"section\">\n\t\t\t\t\t\t<div class=\"elementor-container elementor-column-gap-default\">\n\t\t\t\t\t<div class=\"elementor-column elementor-col-100 elementor-top-column elementor-element elementor-element-5e77edc\" data-id=\"5e77edc\" data-element_type=\"column\" data-e-type=\"column\">\n\t\t\t<div class=\"elementor-widget-wrap\">\n\t\t\t\t\t\t\t<\/div>\n\t\t<\/div>\n\t\t\t\t\t<\/div>\n\t\t<\/section>\n\t\t\t\t<\/div>","protected":false},"excerpt":{"rendered":"<p>What is Zirconium Teeth and How Is It Made? Along with aesthetic expectations very similar to natural teeth, attention&#8230; Read More Are Dental Implants Safe for you If You Have Diabetes? One of the most unpleasant lifestyle conditions to have in&#8230; Read More What Should Be Done Before And After Implant Treatment? Some things need [&hellip;]<\/p>\n","protected":false},"author":1,"featured_media":0,"parent":0,"menu_order":0,"comment_status":"closed","ping_status":"closed","template":"","meta":{"_eb_attr":"","footnotes":""},"class_list":["post-27805","page","type-page","status-publish","hentry"],"yoast_head":"<!-- This site is optimized with the Yoast SEO plugin v27.3 - https:\/\/yoast.com\/product\/yoast-seo-wordpress\/ -->\n<title>Blog - Precious Dental TURKEY , Antalya dentist, oral and dental health, implant, teeth whitening, orthodontics and emergency dentistry serves in Antalya Turkey<\/title>\n<meta name=\"robots\" content=\"index, follow, max-snippet:-1, max-image-preview:large, max-video-preview:-1\" \/>\n<link rel=\"canonical\" href=\"https:\/\/dentprecious.com\/fr\/blog\/\" \/>\n<meta property=\"og:locale\" content=\"fr_FR\" \/>\n<meta property=\"og:type\" content=\"article\" \/>\n<meta property=\"og:title\" content=\"Blog - Precious Dental TURKEY , Antalya dentist, oral and dental health, implant, teeth whitening, orthodontics and emergency dentistry serves in Antalya Turkey\" \/>\n<meta property=\"og:description\" content=\"What is Zirconium Teeth and How Is It Made? Along with aesthetic expectations very similar to natural teeth, attention&#8230; Read More Are Dental Implants Safe for you If You Have Diabetes? One of the most unpleasant lifestyle conditions to have in&#8230; Read More What Should Be Done Before And After Implant Treatment? Some things need [&hellip;]\" \/>\n<meta property=\"og:url\" content=\"https:\/\/dentprecious.com\/fr\/blog\/\" \/>\n<meta property=\"og:site_name\" content=\"Precious Dental TURKEY , Antalya dentist, oral and dental health, implant, teeth whitening, orthodontics and emergency dentistry serves in Antalya Turkey\" \/>\n<meta property=\"article:publisher\" content=\"https:\/\/www.facebook.com\/preciousdentalturkey\" \/>\n<meta property=\"article:modified_time\" content=\"2024-03-31T01:44:26+00:00\" \/>\n<meta property=\"og:image\" content=\"https:\/\/dentprecious.com\/wp-content\/uploads\/2024\/03\/Zirconia-Crown-300x214.jpg\" \/>\n<meta name=\"twitter:card\" content=\"summary_large_image\" \/>\n<script type=\"application\/ld+json\" class=\"yoast-schema-graph\">{\"@context\":\"https:\\\/\\\/schema.org\",\"@graph\":[{\"@type\":\"WebPage\",\"@id\":\"https:\\\/\\\/dentprecious.com\\\/blog\",\"url\":\"https:\\\/\\\/dentprecious.com\\\/blog\",\"name\":\"Blog - Precious Dental TURKEY , Antalya dentist, oral and dental health, implant, teeth whitening, orthodontics and emergency dentistry serves in Antalya Turkey\",\"isPartOf\":{\"@id\":\"\\\/#website\"},\"primaryImageOfPage\":{\"@id\":\"https:\\\/\\\/dentprecious.com\\\/blog#primaryimage\"},\"image\":{\"@id\":\"https:\\\/\\\/dentprecious.com\\\/blog#primaryimage\"},\"thumbnailUrl\":\"https:\\\/\\\/dentprecious.com\\\/wp-content\\\/uploads\\\/2024\\\/03\\\/Zirconia-Crown-300x214.jpg\",\"datePublished\":\"2024-03-30T23:34:08+00:00\",\"dateModified\":\"2024-03-31T01:44:26+00:00\",\"breadcrumb\":{\"@id\":\"https:\\\/\\\/dentprecious.com\\\/blog#breadcrumb\"},\"inLanguage\":\"fr-FR\",\"potentialAction\":[{\"@type\":\"ReadAction\",\"target\":[\"https:\\\/\\\/dentprecious.com\\\/blog\"]}]},{\"@type\":\"ImageObject\",\"inLanguage\":\"fr-FR\",\"@id\":\"https:\\\/\\\/dentprecious.com\\\/blog#primaryimage\",\"url\":\"https:\\\/\\\/dentprecious.com\\\/wp-content\\\/uploads\\\/2024\\\/03\\\/Zirconia-Crown-300x214.jpg\",\"contentUrl\":\"https:\\\/\\\/dentprecious.com\\\/wp-content\\\/uploads\\\/2024\\\/03\\\/Zirconia-Crown-300x214.jpg\"},{\"@type\":\"BreadcrumbList\",\"@id\":\"https:\\\/\\\/dentprecious.com\\\/blog#breadcrumb\",\"itemListElement\":[{\"@type\":\"ListItem\",\"position\":1,\"name\":\"Anasayfa\",\"item\":\"https:\\\/\\\/dentprecious.com\\\/\"},{\"@type\":\"ListItem\",\"position\":2,\"name\":\"Blog\"}]},{\"@type\":\"WebSite\",\"@id\":\"\\\/#website\",\"url\":\"\\\/\",\"name\":\"Precious Dental TURKEY , Antalya dentist, oral and dental health, implant, teeth whitening, orthodontics and emergency dentistry serves in Antalya Turkey\",\"description\":\"Welcome to Precious Dental in Antalya, Turkey! Our experienced team of dentists is dedicated to providing top-quality oral and dental health services, including implants, teeth whitening, orthodontics, and emergency dentistry. Visit us for comprehensive dental care in a comfortable and modern environment.\",\"publisher\":{\"@id\":\"\\\/#organization\"},\"potentialAction\":[{\"@type\":\"SearchAction\",\"target\":{\"@type\":\"EntryPoint\",\"urlTemplate\":\"\\\/?s={search_term_string}\"},\"query-input\":{\"@type\":\"PropertyValueSpecification\",\"valueRequired\":true,\"valueName\":\"search_term_string\"}}],\"inLanguage\":\"fr-FR\"},{\"@type\":\"Organization\",\"@id\":\"\\\/#organization\",\"name\":\"Precious Dental TURKEY , Antalya dentist, oral and dental health, implant, teeth whitening, orthodontics and emergency dentistry serves in Antalya Turkey\",\"url\":\"\\\/\",\"logo\":{\"@type\":\"ImageObject\",\"inLanguage\":\"fr-FR\",\"@id\":\"\\\/#\\\/schema\\\/logo\\\/image\\\/\",\"url\":\"https:\\\/\\\/dentprecious.com\\\/wp-content\\\/uploads\\\/2024\\\/05\\\/logo2022son.png\",\"contentUrl\":\"https:\\\/\\\/dentprecious.com\\\/wp-content\\\/uploads\\\/2024\\\/05\\\/logo2022son.png\",\"width\":431,\"height\":116,\"caption\":\"Precious Dental TURKEY , Antalya dentist, oral and dental health, implant, teeth whitening, orthodontics and emergency dentistry serves in Antalya Turkey\"},\"image\":{\"@id\":\"\\\/#\\\/schema\\\/logo\\\/image\\\/\"},\"sameAs\":[\"https:\\\/\\\/www.facebook.com\\\/preciousdentalturkey\",\"https:\\\/\\\/www.instagram.com\\\/dentprecious\\\/\"]}]}<\/script>\n<!-- \/ Yoast SEO plugin. -->","yoast_head_json":{"title":"Blog - Precious Dental TURKEY , Antalya dentist, oral and dental health, implant, teeth whitening, orthodontics and emergency dentistry serves in Antalya Turkey","robots":{"index":"index","follow":"follow","max-snippet":"max-snippet:-1","max-image-preview":"max-image-preview:large","max-video-preview":"max-video-preview:-1"},"canonical":"https:\/\/dentprecious.com\/fr\/blog\/","og_locale":"fr_FR","og_type":"article","og_title":"Blog - Precious Dental TURKEY , Antalya dentist, oral and dental health, implant, teeth whitening, orthodontics and emergency dentistry serves in Antalya Turkey","og_description":"What is Zirconium Teeth and How Is It Made? Along with aesthetic expectations very similar to natural teeth, attention&#8230; Read More Are Dental Implants Safe for you If You Have Diabetes? One of the most unpleasant lifestyle conditions to have in&#8230; Read More What Should Be Done Before And After Implant Treatment? Some things need [&hellip;]","og_url":"https:\/\/dentprecious.com\/fr\/blog\/","og_site_name":"Precious Dental TURKEY , Antalya dentist, oral and dental health, implant, teeth whitening, orthodontics and emergency dentistry serves in Antalya Turkey","article_publisher":"https:\/\/www.facebook.com\/preciousdentalturkey","article_modified_time":"2024-03-31T01:44:26+00:00","og_image":[{"url":"https:\/\/dentprecious.com\/wp-content\/uploads\/2024\/03\/Zirconia-Crown-300x214.jpg","type":"","width":"","height":""}],"twitter_card":"summary_large_image","schema":{"@context":"https:\/\/schema.org","@graph":[{"@type":"WebPage","@id":"https:\/\/dentprecious.com\/blog","url":"https:\/\/dentprecious.com\/blog","name":"Blog - Precious Dental TURKEY , Antalya dentist, oral and dental health, implant, teeth whitening, orthodontics and emergency dentistry serves in Antalya Turkey","isPartOf":{"@id":"\/#website"},"primaryImageOfPage":{"@id":"https:\/\/dentprecious.com\/blog#primaryimage"},"image":{"@id":"https:\/\/dentprecious.com\/blog#primaryimage"},"thumbnailUrl":"https:\/\/dentprecious.com\/wp-content\/uploads\/2024\/03\/Zirconia-Crown-300x214.jpg","datePublished":"2024-03-30T23:34:08+00:00","dateModified":"2024-03-31T01:44:26+00:00","breadcrumb":{"@id":"https:\/\/dentprecious.com\/blog#breadcrumb"},"inLanguage":"fr-FR","potentialAction":[{"@type":"ReadAction","target":["https:\/\/dentprecious.com\/blog"]}]},{"@type":"ImageObject","inLanguage":"fr-FR","@id":"https:\/\/dentprecious.com\/blog#primaryimage","url":"https:\/\/dentprecious.com\/wp-content\/uploads\/2024\/03\/Zirconia-Crown-300x214.jpg","contentUrl":"https:\/\/dentprecious.com\/wp-content\/uploads\/2024\/03\/Zirconia-Crown-300x214.jpg"},{"@type":"BreadcrumbList","@id":"https:\/\/dentprecious.com\/blog#breadcrumb","itemListElement":[{"@type":"ListItem","position":1,"name":"Anasayfa","item":"https:\/\/dentprecious.com\/"},{"@type":"ListItem","position":2,"name":"Blog"}]},{"@type":"WebSite","@id":"\/#website","url":"\/","name":"Pr\u00e9cieux Dentaire en TURQUIE , Antalya dentiste, la sant\u00e9 bucco-dentaire, implants, blanchiment des dents, l&#039;orthodontie et l&#039;urgence dentaire sert \u00e0 Antalya, en Turquie,","description":"Bienvenue Pr\u00e9cieux Dentaire \u00e0 Antalya, en Turquie! Notre \u00e9quipe de dentistes est d\u00e9di\u00e9 \u00e0 fournir un haut-qualit\u00e9 de l&#039;oral et de soins dentaires services de sant\u00e9, y compris les implants, blanchiment des dents, l&#039;orthodontie, d&#039;urgence et de m\u00e9decine dentaire. Visitez-nous pour des soins dentaires complets dans un cadre confortable et moderne.","publisher":{"@id":"\/#organization"},"potentialAction":[{"@type":"SearchAction","target":{"@type":"EntryPoint","urlTemplate":"\/?s={search_term_string}"},"query-input":{"@type":"PropertyValueSpecification","valueRequired":true,"valueName":"search_term_string"}}],"inLanguage":"fr-FR"},{"@type":"Organization","@id":"\/#organization","name":"Pr\u00e9cieux Dentaire en TURQUIE , Antalya dentiste, la sant\u00e9 bucco-dentaire, implants, blanchiment des dents, l&#039;orthodontie et l&#039;urgence dentaire sert \u00e0 Antalya, en Turquie,","url":"\/","logo":{"@type":"ImageObject","inLanguage":"fr-FR","@id":"\/#\/schema\/logo\/image\/","url":"https:\/\/dentprecious.com\/wp-content\/uploads\/2024\/05\/logo2022son.png","contentUrl":"https:\/\/dentprecious.com\/wp-content\/uploads\/2024\/05\/logo2022son.png","width":431,"height":116,"caption":"Precious Dental TURKEY , Antalya dentist, oral and dental health, implant, teeth whitening, orthodontics and emergency dentistry serves in Antalya Turkey"},"image":{"@id":"\/#\/schema\/logo\/image\/"},"sameAs":["https:\/\/www.facebook.com\/preciousdentalturkey","https:\/\/www.instagram.com\/dentprecious\/"]}]}},"_links":{"self":[{"href":"https:\/\/dentprecious.com\/fr\/wp-json\/wp\/v2\/pages\/27805","targetHints":{"allow":["GET"]}}],"collection":[{"href":"https:\/\/dentprecious.com\/fr\/wp-json\/wp\/v2\/pages"}],"about":[{"href":"https:\/\/dentprecious.com\/fr\/wp-json\/wp\/v2\/types\/page"}],"author":[{"embeddable":true,"href":"https:\/\/dentprecious.com\/fr\/wp-json\/wp\/v2\/users\/1"}],"replies":[{"embeddable":true,"href":"https:\/\/dentprecious.com\/fr\/wp-json\/wp\/v2\/comments?post=27805"}],"version-history":[{"count":7,"href":"https:\/\/dentprecious.com\/fr\/wp-json\/wp\/v2\/pages\/27805\/revisions"}],"predecessor-version":[{"id":27949,"href":"https:\/\/dentprecious.com\/fr\/wp-json\/wp\/v2\/pages\/27805\/revisions\/27949"}],"wp:attachment":[{"href":"https:\/\/dentprecious.com\/fr\/wp-json\/wp\/v2\/media?parent=27805"}],"curies":[{"name":"wp","href":"https:\/\/api.w.org\/{rel}","templated":true}]}}