{"id":29149,"date":"2025-03-25T12:11:36","date_gmt":"2025-03-25T12:11:36","guid":{"rendered":"https:\/\/dentprecious.com\/?page_id=29149"},"modified":"2025-04-13T19:58:01","modified_gmt":"2025-04-13T19:58:01","slug":"thank-you","status":"publish","type":"page","link":"https:\/\/dentprecious.com\/tr\/thank-you","title":{"rendered":"Thank You"},"content":{"rendered":"<div data-elementor-type=\"wp-page\" data-elementor-id=\"29149\" class=\"elementor elementor-29149\">\n\t\t\t\t\t\t<section class=\"elementor-section elementor-top-section elementor-element elementor-element-b99f69a elementor-section-boxed elementor-section-height-default elementor-section-height-default\" data-id=\"b99f69a\" data-element_type=\"section\" data-e-type=\"section\">\n\t\t\t\t\t\t<div class=\"elementor-container elementor-column-gap-default\">\n\t\t\t\t\t<div class=\"elementor-column elementor-col-100 elementor-top-column elementor-element elementor-element-b749026\" data-id=\"b749026\" data-element_type=\"column\" data-e-type=\"column\">\n\t\t\t<div class=\"elementor-widget-wrap elementor-element-populated\">\n\t\t\t\t\t\t<div class=\"elementor-element elementor-element-957ca88 elementor-widget elementor-widget-heading\" data-id=\"957ca88\" data-element_type=\"widget\" data-e-type=\"widget\" data-widget_type=\"heading.default\">\n\t\t\t\t<div class=\"elementor-widget-container\">\n\t\t\t\t\t<h2 class=\"elementor-heading-title elementor-size-default\">Thank you! We've received your form and will get back to you shortly.<\/h2>\t\t\t\t<\/div>\n\t\t\t\t<\/div>\n\t\t\t\t\t<\/div>\n\t\t<\/div>\n\t\t\t\t\t<\/div>\n\t\t<\/section>\n\t\t\t\t<\/div>","protected":false},"excerpt":{"rendered":"<p>Thank you! We&#8217;ve received your form and will get back to you shortly.<\/p>","protected":false},"author":1,"featured_media":0,"parent":0,"menu_order":0,"comment_status":"closed","ping_status":"closed","template":"","meta":{"_eb_attr":"","footnotes":""},"class_list":["post-29149","page","type-page","status-publish","hentry"],"yoast_head":"<!-- This site is optimized with the Yoast SEO plugin v27.5 - https:\/\/yoast.com\/product\/yoast-seo-wordpress\/ -->\n<title>Thank You - Precious Dental TURKEY , Antalya dentist, oral and dental health, implant, teeth whitening, orthodontics and emergency dentistry serves in Antalya Turkey<\/title>\n<meta name=\"robots\" content=\"index, follow, max-snippet:-1, max-image-preview:large, max-video-preview:-1\" \/>\n<link rel=\"canonical\" href=\"https:\/\/dentprecious.com\/tr\/thank-you\/\" \/>\n<meta property=\"og:locale\" content=\"tr_TR\" \/>\n<meta property=\"og:type\" content=\"article\" \/>\n<meta property=\"og:title\" content=\"Thank You - Precious Dental TURKEY , Antalya dentist, oral and dental health, implant, teeth whitening, orthodontics and emergency dentistry serves in Antalya Turkey\" \/>\n<meta property=\"og:description\" content=\"Thank you! We&#8217;ve received your form and will get back to you shortly.\" \/>\n<meta property=\"og:url\" content=\"https:\/\/dentprecious.com\/tr\/thank-you\/\" \/>\n<meta property=\"og:site_name\" content=\"Precious Dental TURKEY , Antalya dentist, oral and dental health, implant, teeth whitening, orthodontics and emergency dentistry serves in Antalya Turkey\" \/>\n<meta property=\"article:publisher\" content=\"https:\/\/www.facebook.com\/preciousdentalturkey\" \/>\n<meta property=\"article:modified_time\" content=\"2025-04-13T19:58:01+00:00\" \/>\n<meta name=\"twitter:card\" content=\"summary_large_image\" \/>\n<meta name=\"twitter:label1\" content=\"Tahmini okuma s\u00fcresi\" \/>\n\t<meta name=\"twitter:data1\" content=\"1 dakika\" \/>\n<script type=\"application\/ld+json\" class=\"yoast-schema-graph\">{\"@context\":\"https:\\\/\\\/schema.org\",\"@graph\":[{\"@type\":\"WebPage\",\"@id\":\"https:\\\/\\\/dentprecious.com\\\/thank-you\",\"url\":\"https:\\\/\\\/dentprecious.com\\\/thank-you\",\"name\":\"Thank You - Precious Dental TURKEY , Antalya dentist, oral and dental health, implant, teeth whitening, orthodontics and emergency dentistry serves in Antalya Turkey\",\"isPartOf\":{\"@id\":\"\\\/#website\"},\"datePublished\":\"2025-03-25T12:11:36+00:00\",\"dateModified\":\"2025-04-13T19:58:01+00:00\",\"breadcrumb\":{\"@id\":\"https:\\\/\\\/dentprecious.com\\\/thank-you#breadcrumb\"},\"inLanguage\":\"tr\",\"potentialAction\":[{\"@type\":\"ReadAction\",\"target\":[\"https:\\\/\\\/dentprecious.com\\\/thank-you\"]}]},{\"@type\":\"BreadcrumbList\",\"@id\":\"https:\\\/\\\/dentprecious.com\\\/thank-you#breadcrumb\",\"itemListElement\":[{\"@type\":\"ListItem\",\"position\":1,\"name\":\"Anasayfa\",\"item\":\"https:\\\/\\\/dentprecious.com\\\/\"},{\"@type\":\"ListItem\",\"position\":2,\"name\":\"Thank You\"}]},{\"@type\":\"WebSite\",\"@id\":\"\\\/#website\",\"url\":\"\\\/\",\"name\":\"Precious Dental TURKEY , Antalya dentist, oral and dental health, implant, teeth whitening, orthodontics and emergency dentistry serves in Antalya Turkey\",\"description\":\"Welcome to Precious Dental in Antalya, Turkey! Our experienced team of dentists is dedicated to providing top-quality oral and dental health services, including implants, teeth whitening, orthodontics, and emergency dentistry. Visit us for comprehensive dental care in a comfortable and modern environment.\",\"publisher\":{\"@id\":\"\\\/#organization\"},\"potentialAction\":[{\"@type\":\"SearchAction\",\"target\":{\"@type\":\"EntryPoint\",\"urlTemplate\":\"\\\/?s={search_term_string}\"},\"query-input\":{\"@type\":\"PropertyValueSpecification\",\"valueRequired\":true,\"valueName\":\"search_term_string\"}}],\"inLanguage\":\"tr\"},{\"@type\":\"Organization\",\"@id\":\"\\\/#organization\",\"name\":\"Precious Dental TURKEY , Antalya dentist, oral and dental health, implant, teeth whitening, orthodontics and emergency dentistry serves in Antalya Turkey\",\"url\":\"\\\/\",\"logo\":{\"@type\":\"ImageObject\",\"inLanguage\":\"tr\",\"@id\":\"\\\/#\\\/schema\\\/logo\\\/image\\\/\",\"url\":\"https:\\\/\\\/dentprecious.com\\\/wp-content\\\/uploads\\\/2024\\\/05\\\/logo2022son.png\",\"contentUrl\":\"https:\\\/\\\/dentprecious.com\\\/wp-content\\\/uploads\\\/2024\\\/05\\\/logo2022son.png\",\"width\":431,\"height\":116,\"caption\":\"Precious Dental TURKEY , Antalya dentist, oral and dental health, implant, teeth whitening, orthodontics and emergency dentistry serves in Antalya Turkey\"},\"image\":{\"@id\":\"\\\/#\\\/schema\\\/logo\\\/image\\\/\"},\"sameAs\":[\"https:\\\/\\\/www.facebook.com\\\/preciousdentalturkey\",\"https:\\\/\\\/www.instagram.com\\\/dentprecious\\\/\"]}]}<\/script>\n<!-- \/ Yoast SEO plugin. -->","yoast_head_json":{"title":"Thank You - Precious Dental TURKEY , Antalya dentist, oral and dental health, implant, teeth whitening, orthodontics and emergency dentistry serves in Antalya Turkey","robots":{"index":"index","follow":"follow","max-snippet":"max-snippet:-1","max-image-preview":"max-image-preview:large","max-video-preview":"max-video-preview:-1"},"canonical":"https:\/\/dentprecious.com\/tr\/thank-you\/","og_locale":"tr_TR","og_type":"article","og_title":"Thank You - Precious Dental TURKEY , Antalya dentist, oral and dental health, implant, teeth whitening, orthodontics and emergency dentistry serves in Antalya Turkey","og_description":"Thank you! We&#8217;ve received your form and will get back to you shortly.","og_url":"https:\/\/dentprecious.com\/tr\/thank-you\/","og_site_name":"Precious Dental TURKEY , Antalya dentist, oral and dental health, implant, teeth whitening, orthodontics and emergency dentistry serves in Antalya Turkey","article_publisher":"https:\/\/www.facebook.com\/preciousdentalturkey","article_modified_time":"2025-04-13T19:58:01+00:00","twitter_card":"summary_large_image","twitter_misc":{"Tahmini okuma s\u00fcresi":"1 dakika"},"schema":{"@context":"https:\/\/schema.org","@graph":[{"@type":"WebPage","@id":"https:\/\/dentprecious.com\/thank-you","url":"https:\/\/dentprecious.com\/thank-you","name":"Thank You - Precious Dental TURKEY , Antalya dentist, oral and dental health, implant, teeth whitening, orthodontics and emergency dentistry serves in Antalya Turkey","isPartOf":{"@id":"\/#website"},"datePublished":"2025-03-25T12:11:36+00:00","dateModified":"2025-04-13T19:58:01+00:00","breadcrumb":{"@id":"https:\/\/dentprecious.com\/thank-you#breadcrumb"},"inLanguage":"tr","potentialAction":[{"@type":"ReadAction","target":["https:\/\/dentprecious.com\/thank-you"]}]},{"@type":"BreadcrumbList","@id":"https:\/\/dentprecious.com\/thank-you#breadcrumb","itemListElement":[{"@type":"ListItem","position":1,"name":"Anasayfa","item":"https:\/\/dentprecious.com\/"},{"@type":"ListItem","position":2,"name":"Thank You"}]},{"@type":"WebSite","@id":"\/#website","url":"\/","name":"De\u011ferli Dental T\u00dcRK\u0130YE, Antalya di\u015f hekimi, a\u011f\u0131z ve di\u015f sa\u011fl\u0131\u011f\u0131, implant, di\u015f beyazlatma, ortodonti ve acil di\u015f hekimli\u011fi alanlar\u0131nda Antalya T\u00fcrkiye&#039;de hizmet vermektedir","description":"Antalya'daki Precious Dental'e Ho\u015f Geldiniz! Deneyimli di\u015f hekimi ekibimiz, implantlar, di\u015f beyazlatma, ortodonti ve acil di\u015f hekimli\u011fi dahil olmak \u00fczere en kaliteli a\u011f\u0131z ve di\u015f sa\u011fl\u0131\u011f\u0131 hizmetlerini sunmaya kendini adam\u0131\u015ft\u0131r. Konforlu ve modern bir ortamda kapsaml\u0131 di\u015f bak\u0131m\u0131 i\u00e7in bizi ziyaret edin.","publisher":{"@id":"\/#organization"},"potentialAction":[{"@type":"SearchAction","target":{"@type":"EntryPoint","urlTemplate":"\/?s={search_term_string}"},"query-input":{"@type":"PropertyValueSpecification","valueRequired":true,"valueName":"search_term_string"}}],"inLanguage":"tr"},{"@type":"Organization","@id":"\/#organization","name":"De\u011ferli Dental T\u00dcRK\u0130YE, Antalya di\u015f hekimi, a\u011f\u0131z ve di\u015f sa\u011fl\u0131\u011f\u0131, implant, di\u015f beyazlatma, ortodonti ve acil di\u015f hekimli\u011fi alanlar\u0131nda Antalya T\u00fcrkiye&#039;de hizmet vermektedir","url":"\/","logo":{"@type":"ImageObject","inLanguage":"tr","@id":"\/#\/schema\/logo\/image\/","url":"https:\/\/dentprecious.com\/wp-content\/uploads\/2024\/05\/logo2022son.png","contentUrl":"https:\/\/dentprecious.com\/wp-content\/uploads\/2024\/05\/logo2022son.png","width":431,"height":116,"caption":"Precious Dental TURKEY , Antalya dentist, oral and dental health, implant, teeth whitening, orthodontics and emergency dentistry serves in Antalya Turkey"},"image":{"@id":"\/#\/schema\/logo\/image\/"},"sameAs":["https:\/\/www.facebook.com\/preciousdentalturkey","https:\/\/www.instagram.com\/dentprecious\/"]}]}},"_links":{"self":[{"href":"https:\/\/dentprecious.com\/tr\/wp-json\/wp\/v2\/pages\/29149","targetHints":{"allow":["GET"]}}],"collection":[{"href":"https:\/\/dentprecious.com\/tr\/wp-json\/wp\/v2\/pages"}],"about":[{"href":"https:\/\/dentprecious.com\/tr\/wp-json\/wp\/v2\/types\/page"}],"author":[{"embeddable":true,"href":"https:\/\/dentprecious.com\/tr\/wp-json\/wp\/v2\/users\/1"}],"replies":[{"embeddable":true,"href":"https:\/\/dentprecious.com\/tr\/wp-json\/wp\/v2\/comments?post=29149"}],"version-history":[{"count":5,"href":"https:\/\/dentprecious.com\/tr\/wp-json\/wp\/v2\/pages\/29149\/revisions"}],"predecessor-version":[{"id":29314,"href":"https:\/\/dentprecious.com\/tr\/wp-json\/wp\/v2\/pages\/29149\/revisions\/29314"}],"wp:attachment":[{"href":"https:\/\/dentprecious.com\/tr\/wp-json\/wp\/v2\/media?parent=29149"}],"curies":[{"name":"wp","href":"https:\/\/api.w.org\/{rel}","templated":true}]}}